{"id":670822,"date":"2024-01-24T14:17:12","date_gmt":"2024-01-24T14:17:12","guid":{"rendered":"https:\/\/bravilor.com\/qualite-et-innovation-2\/"},"modified":"2024-11-25T09:26:51","modified_gmt":"2024-11-25T09:26:51","slug":"qualite-et-innovation","status":"publish","type":"page","link":"https:\/\/www.acceptance.bravilor.dkpnt.nl\/fr-be\/qualite-et-innovation\/","title":{"rendered":"Qualit\u00e9 et innovation"},"content":{"rendered":"\n<p>Nos clients internes et externes n&#8217;en attendent pas moins de nous. Notre norme de haute qualit\u00e9 est le moteur de notre organisation. Tout le monde \u00e0 Bravilor Bonamat en est conscient. En particulier dans notre centre d&#8217;innovation ultramoderne. L\u00e0 o\u00f9 nos meilleurs \u00e9l\u00e9ments continuent de repousser les limites. Il en r\u00e9sulte plus de 20 brevets dans plus de 30 pays.<\/p>\n\n<div class=\"wp-block-columns has-2-columns is-layout-flex wp-container-core-columns-is-layout-9d6595d7 wp-block-columns-is-layout-flex\">\n<div class=\"wp-block-column is-layout-flow wp-block-column-is-layout-flow\">\n<figure class=\"wp-block-image size-large\"><img loading=\"lazy\" decoding=\"async\" width=\"1024\" height=\"683\" src=\"https:\/\/core.fuga.cloud:8080\/db65bd9df005494ab29dbe1819cb94fe:bravilor-acceptance\/uploads\/2024\/02\/2022_Innovation_Centre_24-1024x683.jpg\" alt=\"\" class=\"wp-image-667516\" srcset=\"https:\/\/core.fuga.cloud:8080\/db65bd9df005494ab29dbe1819cb94fe:bravilor-acceptance\/uploads\/2024\/02\/2022_Innovation_Centre_24-1024x683.jpg 1024w, https:\/\/core.fuga.cloud:8080\/db65bd9df005494ab29dbe1819cb94fe:bravilor-acceptance\/uploads\/2024\/02\/2022_Innovation_Centre_24-300x200.jpg 300w, https:\/\/core.fuga.cloud:8080\/db65bd9df005494ab29dbe1819cb94fe:bravilor-acceptance\/uploads\/2024\/02\/2022_Innovation_Centre_24-768x512.jpg 768w, https:\/\/core.fuga.cloud:8080\/db65bd9df005494ab29dbe1819cb94fe:bravilor-acceptance\/uploads\/2024\/02\/2022_Innovation_Centre_24-1013x675.jpg 1013w, https:\/\/core.fuga.cloud:8080\/db65bd9df005494ab29dbe1819cb94fe:bravilor-acceptance\/uploads\/2024\/02\/2022_Innovation_Centre_24-675x450.jpg 675w, https:\/\/core.fuga.cloud:8080\/db65bd9df005494ab29dbe1819cb94fe:bravilor-acceptance\/uploads\/2024\/02\/2022_Innovation_Centre_24-338x225.jpg 338w, https:\/\/core.fuga.cloud:8080\/db65bd9df005494ab29dbe1819cb94fe:bravilor-acceptance\/uploads\/2024\/02\/2022_Innovation_Centre_24.jpg 1500w\" sizes=\"auto, (max-width: 1024px) 100vw, 1024px\" \/><\/figure>\n<\/div>\n\n\n\n<div class=\"wp-block-column is-layout-flow wp-block-column-is-layout-flow\">\n<figure class=\"wp-block-image size-large\"><img loading=\"lazy\" decoding=\"async\" width=\"1024\" height=\"683\" src=\"https:\/\/core.fuga.cloud:8080\/db65bd9df005494ab29dbe1819cb94fe:bravilor-acceptance\/uploads\/2024\/02\/2022_Innovation_Centre_10-1024x683.jpg\" alt=\"\" class=\"wp-image-667555\" srcset=\"https:\/\/core.fuga.cloud:8080\/db65bd9df005494ab29dbe1819cb94fe:bravilor-acceptance\/uploads\/2024\/02\/2022_Innovation_Centre_10-1024x683.jpg 1024w, https:\/\/core.fuga.cloud:8080\/db65bd9df005494ab29dbe1819cb94fe:bravilor-acceptance\/uploads\/2024\/02\/2022_Innovation_Centre_10-300x200.jpg 300w, https:\/\/core.fuga.cloud:8080\/db65bd9df005494ab29dbe1819cb94fe:bravilor-acceptance\/uploads\/2024\/02\/2022_Innovation_Centre_10-768x512.jpg 768w, https:\/\/core.fuga.cloud:8080\/db65bd9df005494ab29dbe1819cb94fe:bravilor-acceptance\/uploads\/2024\/02\/2022_Innovation_Centre_10-1013x675.jpg 1013w, https:\/\/core.fuga.cloud:8080\/db65bd9df005494ab29dbe1819cb94fe:bravilor-acceptance\/uploads\/2024\/02\/2022_Innovation_Centre_10-675x450.jpg 675w, https:\/\/core.fuga.cloud:8080\/db65bd9df005494ab29dbe1819cb94fe:bravilor-acceptance\/uploads\/2024\/02\/2022_Innovation_Centre_10-338x225.jpg 338w, https:\/\/core.fuga.cloud:8080\/db65bd9df005494ab29dbe1819cb94fe:bravilor-acceptance\/uploads\/2024\/02\/2022_Innovation_Centre_10.jpg 1500w\" sizes=\"auto, (max-width: 1024px) 100vw, 1024px\" \/><\/figure>\n<\/div>\n<\/div>\n\n<div class=\"wp-block-media-text has-media-on-the-right is-stacked-on-mobile\"><div class=\"wp-block-media-text__content\">\n<h2 class=\"wp-block-heading\">Brasseur CIRCO<\/h2>\n\n\n\n<p>L&#8217;exemple le plus frappant est sans doute notre brasseur CIRCO, \u00e0 la pointe de la technologie. Ce brasseur rotatif unique est la r\u00e9ponse \u00e0 la demande croissante de distributeurs automatiques de caf\u00e9 grain \u00e0 grain, en particulier sur le march\u00e9 OCS (Office Coffee Service).<\/p>\n\n\n\n<p>Bien que sa forme soit unique et qu&#8217;il soit de taille compacte, il a une capacit\u00e9 de 6 \u00e0 18 grammes de caf\u00e9 moulu. Il peut ainsi pr\u00e9parer deux expressos simultan\u00e9ment. L&#8217;ing\u00e9nieuse commande de la pompe de l&#8217;infuseur garantit une extraction constante qui permet d&#8217;obtenir une d\u00e9licieuse couche de cr\u00e8me. Encore et encore.<\/p>\n<\/div><figure class=\"wp-block-media-text__media\"><img loading=\"lazy\" decoding=\"async\" width=\"1024\" height=\"665\" src=\"https:\/\/core.fuga.cloud:8080\/db65bd9df005494ab29dbe1819cb94fe:bravilor-acceptance\/uploads\/2024\/02\/0376_Circo_01_Brewer_0005_Transparant-1024x665.png\" alt=\"\" class=\"wp-image-667471 size-full\" srcset=\"https:\/\/core.fuga.cloud:8080\/db65bd9df005494ab29dbe1819cb94fe:bravilor-acceptance\/uploads\/2024\/02\/0376_Circo_01_Brewer_0005_Transparant-1024x665.png 1024w, https:\/\/core.fuga.cloud:8080\/db65bd9df005494ab29dbe1819cb94fe:bravilor-acceptance\/uploads\/2024\/02\/0376_Circo_01_Brewer_0005_Transparant-300x195.png 300w, https:\/\/core.fuga.cloud:8080\/db65bd9df005494ab29dbe1819cb94fe:bravilor-acceptance\/uploads\/2024\/02\/0376_Circo_01_Brewer_0005_Transparant-768x499.png 768w, https:\/\/core.fuga.cloud:8080\/db65bd9df005494ab29dbe1819cb94fe:bravilor-acceptance\/uploads\/2024\/02\/0376_Circo_01_Brewer_0005_Transparant-1536x997.png 1536w, https:\/\/core.fuga.cloud:8080\/db65bd9df005494ab29dbe1819cb94fe:bravilor-acceptance\/uploads\/2024\/02\/0376_Circo_01_Brewer_0005_Transparant-1040x675.png 1040w, https:\/\/core.fuga.cloud:8080\/db65bd9df005494ab29dbe1819cb94fe:bravilor-acceptance\/uploads\/2024\/02\/0376_Circo_01_Brewer_0005_Transparant-693x450.png 693w, https:\/\/core.fuga.cloud:8080\/db65bd9df005494ab29dbe1819cb94fe:bravilor-acceptance\/uploads\/2024\/02\/0376_Circo_01_Brewer_0005_Transparant-347x225.png 347w, https:\/\/core.fuga.cloud:8080\/db65bd9df005494ab29dbe1819cb94fe:bravilor-acceptance\/uploads\/2024\/02\/0376_Circo_01_Brewer_0005_Transparant.png 1654w\" sizes=\"auto, (max-width: 1024px) 100vw, 1024px\" \/><\/figure><\/div>\n","protected":false},"excerpt":{"rendered":"<p>Nos clients internes et externes n&#8217;en attendent pas moins de nous. Notre norme de haute qualit\u00e9 est le moteur de notre organisation. Tout le monde \u00e0 Bravilor Bonamat en est conscient. En particulier dans notre centre d&#8217;innovation ultramoderne. L\u00e0 o\u00f9 nos meilleurs \u00e9l\u00e9ments continuent de repousser les limites. Il en r\u00e9sulte plus de 20 brevets [&hellip;]<\/p>\n","protected":false},"author":5,"featured_media":0,"parent":0,"menu_order":0,"comment_status":"closed","ping_status":"closed","template":"","meta":{"_acf_changed":false,"footnotes":""},"class_list":["post-670822","page","type-page","status-publish","hentry"],"acf":[],"yoast_head":"<!-- This site is optimized with the Yoast SEO plugin v26.3 - https:\/\/yoast.com\/wordpress\/plugins\/seo\/ -->\n<title>Qualit\u00e9 et innovation - Bravilor Bonamat<\/title>\n<meta name=\"description\" content=\"Qualit\u00e9 et innovation de est la machine \u00e0 caf\u00e9 id\u00e9ale pour les entreprises ambitieuses. Un bon caf\u00e9 rend les employ\u00e9s heureux. D\u00e9couvrez-en plus !\" \/>\n<meta name=\"robots\" content=\"noindex, follow, max-snippet:-1, max-image-preview:large, max-video-preview:-1\" \/>\n<meta property=\"og:locale\" content=\"fr_FR\" \/>\n<meta property=\"og:type\" content=\"article\" \/>\n<meta property=\"og:title\" content=\"Qualit\u00e9 et innovation - Bravilor Bonamat\" \/>\n<meta property=\"og:description\" content=\"Qualit\u00e9 et innovation de est la machine \u00e0 caf\u00e9 id\u00e9ale pour les entreprises ambitieuses. Un bon caf\u00e9 rend les employ\u00e9s heureux. D\u00e9couvrez-en plus !\" \/>\n<meta property=\"og:url\" content=\"https:\/\/www.acceptance.bravilor.dkpnt.nl\/fr-be\/qualite-et-innovation\/\" \/>\n<meta property=\"og:site_name\" content=\"Bravilor Bonamat\" \/>\n<meta property=\"article:publisher\" content=\"https:\/\/www.facebook.com\/bravilor.bonamat.bv\" \/>\n<meta property=\"article:modified_time\" content=\"2024-11-25T09:26:51+00:00\" \/>\n<meta property=\"og:image\" content=\"https:\/\/www.bravilor.com\/app\/uploads\/2024\/02\/2022_Innovation_Centre_24-1024x683.jpg\" \/>\n<meta name=\"twitter:card\" content=\"summary_large_image\" \/>\n<meta name=\"twitter:label1\" content=\"Est. reading time\" \/>\n\t<meta name=\"twitter:data1\" content=\"2 minutes\" \/>\n<script type=\"application\/ld+json\" class=\"yoast-schema-graph\">{\"@context\":\"https:\/\/schema.org\",\"@graph\":[{\"@type\":\"WebPage\",\"@id\":\"https:\/\/www.acceptance.bravilor.dkpnt.nl\/fr-be\/qualite-et-innovation\/\",\"url\":\"https:\/\/www.acceptance.bravilor.dkpnt.nl\/fr-be\/qualite-et-innovation\/\",\"name\":\"Qualit\u00e9 et innovation - Bravilor Bonamat\",\"isPartOf\":{\"@id\":\"https:\/\/www.acceptance.bravilor.dkpnt.nl\/fr-be\/#website\"},\"primaryImageOfPage\":{\"@id\":\"https:\/\/www.acceptance.bravilor.dkpnt.nl\/fr-be\/qualite-et-innovation\/#primaryimage\"},\"image\":{\"@id\":\"https:\/\/www.acceptance.bravilor.dkpnt.nl\/fr-be\/qualite-et-innovation\/#primaryimage\"},\"thumbnailUrl\":\"https:\/\/www.bravilor.com\/app\/uploads\/2024\/02\/2022_Innovation_Centre_24-1024x683.jpg\",\"datePublished\":\"2024-01-24T14:17:12+00:00\",\"dateModified\":\"2024-11-25T09:26:51+00:00\",\"description\":\"Qualit\u00e9 et innovation de est la machine \u00e0 caf\u00e9 id\u00e9ale pour les entreprises ambitieuses. Un bon caf\u00e9 rend les employ\u00e9s heureux. D\u00e9couvrez-en plus !\",\"inLanguage\":\"fr-BE\",\"potentialAction\":[{\"@type\":\"ReadAction\",\"target\":[\"https:\/\/www.acceptance.bravilor.dkpnt.nl\/fr-be\/qualite-et-innovation\/\"]}]},{\"@type\":\"ImageObject\",\"inLanguage\":\"fr-BE\",\"@id\":\"https:\/\/www.acceptance.bravilor.dkpnt.nl\/fr-be\/qualite-et-innovation\/#primaryimage\",\"url\":\"https:\/\/www.bravilor.com\/app\/uploads\/2024\/02\/2022_Innovation_Centre_24-1024x683.jpg\",\"contentUrl\":\"https:\/\/www.bravilor.com\/app\/uploads\/2024\/02\/2022_Innovation_Centre_24-1024x683.jpg\"},{\"@type\":\"WebSite\",\"@id\":\"https:\/\/www.acceptance.bravilor.dkpnt.nl\/fr-be\/#website\",\"url\":\"https:\/\/www.acceptance.bravilor.dkpnt.nl\/fr-be\/\",\"name\":\"Bravilor Bonamat\",\"description\":\"Professional coffee machines and hot water dispensers\",\"publisher\":{\"@id\":\"https:\/\/www.acceptance.bravilor.dkpnt.nl\/fr-be\/#organization\"},\"potentialAction\":[{\"@type\":\"SearchAction\",\"target\":{\"@type\":\"EntryPoint\",\"urlTemplate\":\"https:\/\/www.acceptance.bravilor.dkpnt.nl\/fr-be\/?s={search_term_string}\"},\"query-input\":{\"@type\":\"PropertyValueSpecification\",\"valueRequired\":true,\"valueName\":\"search_term_string\"}}],\"inLanguage\":\"fr-BE\"},{\"@type\":\"Organization\",\"@id\":\"https:\/\/www.acceptance.bravilor.dkpnt.nl\/fr-be\/#organization\",\"name\":\"Bravilor Bonamat\",\"url\":\"https:\/\/www.acceptance.bravilor.dkpnt.nl\/fr-be\/\",\"logo\":{\"@type\":\"ImageObject\",\"inLanguage\":\"fr-BE\",\"@id\":\"https:\/\/www.acceptance.bravilor.dkpnt.nl\/fr-be\/#\/schema\/logo\/image\/\",\"url\":\"https:\/\/www.bravilor.com\/app\/uploads\/2024\/01\/logo.svg\",\"contentUrl\":\"https:\/\/www.bravilor.com\/app\/uploads\/2024\/01\/logo.svg\",\"width\":1,\"height\":1,\"caption\":\"Bravilor Bonamat\"},\"image\":{\"@id\":\"https:\/\/www.acceptance.bravilor.dkpnt.nl\/fr-be\/#\/schema\/logo\/image\/\"},\"sameAs\":[\"https:\/\/www.facebook.com\/bravilor.bonamat.bv\"]}]}<\/script>\n<!-- \/ Yoast SEO plugin. -->","yoast_head_json":{"title":"Qualit\u00e9 et innovation - Bravilor Bonamat","description":"Qualit\u00e9 et innovation de est la machine \u00e0 caf\u00e9 id\u00e9ale pour les entreprises ambitieuses. Un bon caf\u00e9 rend les employ\u00e9s heureux. D\u00e9couvrez-en plus !","robots":{"index":"noindex","follow":"follow","max-snippet":"max-snippet:-1","max-image-preview":"max-image-preview:large","max-video-preview":"max-video-preview:-1"},"og_locale":"fr_FR","og_type":"article","og_title":"Qualit\u00e9 et innovation - Bravilor Bonamat","og_description":"Qualit\u00e9 et innovation de est la machine \u00e0 caf\u00e9 id\u00e9ale pour les entreprises ambitieuses. Un bon caf\u00e9 rend les employ\u00e9s heureux. D\u00e9couvrez-en plus !","og_url":"https:\/\/www.acceptance.bravilor.dkpnt.nl\/fr-be\/qualite-et-innovation\/","og_site_name":"Bravilor Bonamat","article_publisher":"https:\/\/www.facebook.com\/bravilor.bonamat.bv","article_modified_time":"2024-11-25T09:26:51+00:00","og_image":[{"url":"https:\/\/www.bravilor.com\/app\/uploads\/2024\/02\/2022_Innovation_Centre_24-1024x683.jpg","type":"","width":"","height":""}],"twitter_card":"summary_large_image","twitter_misc":{"Est. reading time":"2 minutes"},"schema":{"@context":"https:\/\/schema.org","@graph":[{"@type":"WebPage","@id":"https:\/\/www.acceptance.bravilor.dkpnt.nl\/fr-be\/qualite-et-innovation\/","url":"https:\/\/www.acceptance.bravilor.dkpnt.nl\/fr-be\/qualite-et-innovation\/","name":"Qualit\u00e9 et innovation - Bravilor Bonamat","isPartOf":{"@id":"https:\/\/www.acceptance.bravilor.dkpnt.nl\/fr-be\/#website"},"primaryImageOfPage":{"@id":"https:\/\/www.acceptance.bravilor.dkpnt.nl\/fr-be\/qualite-et-innovation\/#primaryimage"},"image":{"@id":"https:\/\/www.acceptance.bravilor.dkpnt.nl\/fr-be\/qualite-et-innovation\/#primaryimage"},"thumbnailUrl":"https:\/\/www.bravilor.com\/app\/uploads\/2024\/02\/2022_Innovation_Centre_24-1024x683.jpg","datePublished":"2024-01-24T14:17:12+00:00","dateModified":"2024-11-25T09:26:51+00:00","description":"Qualit\u00e9 et innovation de est la machine \u00e0 caf\u00e9 id\u00e9ale pour les entreprises ambitieuses. Un bon caf\u00e9 rend les employ\u00e9s heureux. D\u00e9couvrez-en plus !","inLanguage":"fr-BE","potentialAction":[{"@type":"ReadAction","target":["https:\/\/www.acceptance.bravilor.dkpnt.nl\/fr-be\/qualite-et-innovation\/"]}]},{"@type":"ImageObject","inLanguage":"fr-BE","@id":"https:\/\/www.acceptance.bravilor.dkpnt.nl\/fr-be\/qualite-et-innovation\/#primaryimage","url":"https:\/\/www.bravilor.com\/app\/uploads\/2024\/02\/2022_Innovation_Centre_24-1024x683.jpg","contentUrl":"https:\/\/www.bravilor.com\/app\/uploads\/2024\/02\/2022_Innovation_Centre_24-1024x683.jpg"},{"@type":"WebSite","@id":"https:\/\/www.acceptance.bravilor.dkpnt.nl\/fr-be\/#website","url":"https:\/\/www.acceptance.bravilor.dkpnt.nl\/fr-be\/","name":"Bravilor Bonamat","description":"Professional coffee machines and hot water dispensers","publisher":{"@id":"https:\/\/www.acceptance.bravilor.dkpnt.nl\/fr-be\/#organization"},"potentialAction":[{"@type":"SearchAction","target":{"@type":"EntryPoint","urlTemplate":"https:\/\/www.acceptance.bravilor.dkpnt.nl\/fr-be\/?s={search_term_string}"},"query-input":{"@type":"PropertyValueSpecification","valueRequired":true,"valueName":"search_term_string"}}],"inLanguage":"fr-BE"},{"@type":"Organization","@id":"https:\/\/www.acceptance.bravilor.dkpnt.nl\/fr-be\/#organization","name":"Bravilor Bonamat","url":"https:\/\/www.acceptance.bravilor.dkpnt.nl\/fr-be\/","logo":{"@type":"ImageObject","inLanguage":"fr-BE","@id":"https:\/\/www.acceptance.bravilor.dkpnt.nl\/fr-be\/#\/schema\/logo\/image\/","url":"https:\/\/www.bravilor.com\/app\/uploads\/2024\/01\/logo.svg","contentUrl":"https:\/\/www.bravilor.com\/app\/uploads\/2024\/01\/logo.svg","width":1,"height":1,"caption":"Bravilor Bonamat"},"image":{"@id":"https:\/\/www.acceptance.bravilor.dkpnt.nl\/fr-be\/#\/schema\/logo\/image\/"},"sameAs":["https:\/\/www.facebook.com\/bravilor.bonamat.bv"]}]}},"_links":{"self":[{"href":"https:\/\/www.acceptance.bravilor.dkpnt.nl\/fr-be\/wp-json\/wp\/v2\/pages\/670822","targetHints":{"allow":["GET"]}}],"collection":[{"href":"https:\/\/www.acceptance.bravilor.dkpnt.nl\/fr-be\/wp-json\/wp\/v2\/pages"}],"about":[{"href":"https:\/\/www.acceptance.bravilor.dkpnt.nl\/fr-be\/wp-json\/wp\/v2\/types\/page"}],"author":[{"embeddable":true,"href":"https:\/\/www.acceptance.bravilor.dkpnt.nl\/fr-be\/wp-json\/wp\/v2\/users\/5"}],"replies":[{"embeddable":true,"href":"https:\/\/www.acceptance.bravilor.dkpnt.nl\/fr-be\/wp-json\/wp\/v2\/comments?post=670822"}],"version-history":[{"count":3,"href":"https:\/\/www.acceptance.bravilor.dkpnt.nl\/fr-be\/wp-json\/wp\/v2\/pages\/670822\/revisions"}],"predecessor-version":[{"id":825739,"href":"https:\/\/www.acceptance.bravilor.dkpnt.nl\/fr-be\/wp-json\/wp\/v2\/pages\/670822\/revisions\/825739"}],"wp:attachment":[{"href":"https:\/\/www.acceptance.bravilor.dkpnt.nl\/fr-be\/wp-json\/wp\/v2\/media?parent=670822"}],"curies":[{"name":"wp","href":"https:\/\/api.w.org\/{rel}","templated":true}]}}