{"id":671038,"date":"2024-01-24T15:02:35","date_gmt":"2024-01-24T15:02:35","guid":{"rendered":"https:\/\/bravilor.com\/durabilite\/"},"modified":"2024-04-18T11:53:28","modified_gmt":"2024-04-18T11:53:28","slug":"durabilite","status":"publish","type":"page","link":"https:\/\/www.acceptance.bravilor.dkpnt.nl\/fr\/durabilite\/","title":{"rendered":"Durabilit\u00e9"},"content":{"rendered":"\n<p>En adoptant le concept g\u00e9n\u00e9ral de durabilit\u00e9, nous r\u00e9duisons activement notre empreinte environnementale et pr\u00e9servons des ressources pr\u00e9cieuses. C&#8217;est l&#8217;une des raisons pour lesquelles l&#8217;acier inoxydable est notre mat\u00e9riau de pr\u00e9dilection. En soi, l&#8217;acier inoxydable est recyclable \u00e0 100 %. En fait, la majorit\u00e9 des mat\u00e9riaux en acier inoxydable utilis\u00e9s aujourd&#8217;hui dans le monde proviennent de d\u00e9chets. De plus, la production d&#8217;acier inoxydable ne g\u00e9n\u00e8re pas d&#8217;\u00e9coulement toxique.<\/p>\n\n\n\n<div class=\"wp-block-columns has-2-columns is-layout-flex wp-container-core-columns-is-layout-9d6595d7 wp-block-columns-is-layout-flex\">\n<div class=\"wp-block-column is-layout-flow wp-block-column-is-layout-flow\">\n<figure class=\"wp-block-image size-large\"><img loading=\"lazy\" decoding=\"async\" width=\"1024\" height=\"683\" src=\"https:\/\/core.fuga.cloud:8080\/db65bd9df005494ab29dbe1819cb94fe:bravilor-acceptance\/uploads\/2024\/02\/2022_MetalShop_25-1024x683.jpg\" alt=\"\" class=\"wp-image-665407\" srcset=\"https:\/\/core.fuga.cloud:8080\/db65bd9df005494ab29dbe1819cb94fe:bravilor-acceptance\/uploads\/2024\/02\/2022_MetalShop_25-1024x683.jpg 1024w, https:\/\/core.fuga.cloud:8080\/db65bd9df005494ab29dbe1819cb94fe:bravilor-acceptance\/uploads\/2024\/02\/2022_MetalShop_25-300x200.jpg 300w, https:\/\/core.fuga.cloud:8080\/db65bd9df005494ab29dbe1819cb94fe:bravilor-acceptance\/uploads\/2024\/02\/2022_MetalShop_25-768x512.jpg 768w, https:\/\/core.fuga.cloud:8080\/db65bd9df005494ab29dbe1819cb94fe:bravilor-acceptance\/uploads\/2024\/02\/2022_MetalShop_25-1013x675.jpg 1013w, https:\/\/core.fuga.cloud:8080\/db65bd9df005494ab29dbe1819cb94fe:bravilor-acceptance\/uploads\/2024\/02\/2022_MetalShop_25-675x450.jpg 675w, https:\/\/core.fuga.cloud:8080\/db65bd9df005494ab29dbe1819cb94fe:bravilor-acceptance\/uploads\/2024\/02\/2022_MetalShop_25-338x225.jpg 338w, https:\/\/core.fuga.cloud:8080\/db65bd9df005494ab29dbe1819cb94fe:bravilor-acceptance\/uploads\/2024\/02\/2022_MetalShop_25.jpg 1500w\" sizes=\"auto, (max-width: 1024px) 100vw, 1024px\" \/><\/figure>\n<\/div>\n\n\n\n<div class=\"wp-block-column is-layout-flow wp-block-column-is-layout-flow\">\n<figure class=\"wp-block-image size-large\"><img loading=\"lazy\" decoding=\"async\" width=\"1024\" height=\"683\" src=\"https:\/\/core.fuga.cloud:8080\/db65bd9df005494ab29dbe1819cb94fe:bravilor-acceptance\/uploads\/2024\/02\/2022_MetalShop_03-1024x683.jpg\" alt=\"\" class=\"wp-image-665446\" srcset=\"https:\/\/core.fuga.cloud:8080\/db65bd9df005494ab29dbe1819cb94fe:bravilor-acceptance\/uploads\/2024\/02\/2022_MetalShop_03-1024x683.jpg 1024w, https:\/\/core.fuga.cloud:8080\/db65bd9df005494ab29dbe1819cb94fe:bravilor-acceptance\/uploads\/2024\/02\/2022_MetalShop_03-300x200.jpg 300w, https:\/\/core.fuga.cloud:8080\/db65bd9df005494ab29dbe1819cb94fe:bravilor-acceptance\/uploads\/2024\/02\/2022_MetalShop_03-768x512.jpg 768w, https:\/\/core.fuga.cloud:8080\/db65bd9df005494ab29dbe1819cb94fe:bravilor-acceptance\/uploads\/2024\/02\/2022_MetalShop_03-1013x675.jpg 1013w, https:\/\/core.fuga.cloud:8080\/db65bd9df005494ab29dbe1819cb94fe:bravilor-acceptance\/uploads\/2024\/02\/2022_MetalShop_03-675x450.jpg 675w, https:\/\/core.fuga.cloud:8080\/db65bd9df005494ab29dbe1819cb94fe:bravilor-acceptance\/uploads\/2024\/02\/2022_MetalShop_03-338x225.jpg 338w, https:\/\/core.fuga.cloud:8080\/db65bd9df005494ab29dbe1819cb94fe:bravilor-acceptance\/uploads\/2024\/02\/2022_MetalShop_03.jpg 1500w\" sizes=\"auto, (max-width: 1024px) 100vw, 1024px\" \/><\/figure>\n<\/div>\n<\/div>\n\n\n\n<h2 class=\"wp-block-heading\">Parc solaire<\/h2>\n\n\n\n<p>Notre site de Heerhugowaard abrite un impressionnant parc solaire compos\u00e9 de 4 600 panneaux solaires. Avec une production annuelle de 1 705 000 kWh &#8211; l&#8217;\u00e9quivalent de plus de 500 m\u00e9nages &#8211; nous ne d\u00e9pendons plus des combustibles fossiles pour notre \u00e9lectricit\u00e9 et sommes totalement autosuffisants \u00e0 cet \u00e9gard. R\u00e9duire nos \u00e9missions de CO2 de 616 tonnes par an. Contribuer \u00e0 notre engagement de fonctionner de mani\u00e8re totalement neutre en CO2 et circulatoire d&#8217;ici 2050.<\/p>\n\n\n\n<div class=\"wp-block-columns has-2-columns is-layout-flex wp-container-core-columns-is-layout-9d6595d7 wp-block-columns-is-layout-flex\">\n<div class=\"wp-block-column is-layout-flow wp-block-column-is-layout-flow\">\n<figure class=\"wp-block-image size-large\"><img loading=\"lazy\" decoding=\"async\" width=\"1024\" height=\"682\" src=\"https:\/\/core.fuga.cloud:8080\/db65bd9df005494ab29dbe1819cb94fe:bravilor-acceptance\/uploads\/2024\/02\/043.tych_.bravilorbonamat.zonnepark.230420-1024x682.jpg\" alt=\"\" class=\"wp-image-665356\" srcset=\"https:\/\/core.fuga.cloud:8080\/db65bd9df005494ab29dbe1819cb94fe:bravilor-acceptance\/uploads\/2024\/02\/043.tych_.bravilorbonamat.zonnepark.230420-1024x682.jpg 1024w, https:\/\/core.fuga.cloud:8080\/db65bd9df005494ab29dbe1819cb94fe:bravilor-acceptance\/uploads\/2024\/02\/043.tych_.bravilorbonamat.zonnepark.230420-300x200.jpg 300w, https:\/\/core.fuga.cloud:8080\/db65bd9df005494ab29dbe1819cb94fe:bravilor-acceptance\/uploads\/2024\/02\/043.tych_.bravilorbonamat.zonnepark.230420-768x511.jpg 768w, https:\/\/core.fuga.cloud:8080\/db65bd9df005494ab29dbe1819cb94fe:bravilor-acceptance\/uploads\/2024\/02\/043.tych_.bravilorbonamat.zonnepark.230420-1536x1023.jpg 1536w, https:\/\/core.fuga.cloud:8080\/db65bd9df005494ab29dbe1819cb94fe:bravilor-acceptance\/uploads\/2024\/02\/043.tych_.bravilorbonamat.zonnepark.230420-1622x1080.jpg 1622w, https:\/\/core.fuga.cloud:8080\/db65bd9df005494ab29dbe1819cb94fe:bravilor-acceptance\/uploads\/2024\/02\/043.tych_.bravilorbonamat.zonnepark.230420-1014x675.jpg 1014w, https:\/\/core.fuga.cloud:8080\/db65bd9df005494ab29dbe1819cb94fe:bravilor-acceptance\/uploads\/2024\/02\/043.tych_.bravilorbonamat.zonnepark.230420-676x450.jpg 676w, https:\/\/core.fuga.cloud:8080\/db65bd9df005494ab29dbe1819cb94fe:bravilor-acceptance\/uploads\/2024\/02\/043.tych_.bravilorbonamat.zonnepark.230420-338x225.jpg 338w, https:\/\/core.fuga.cloud:8080\/db65bd9df005494ab29dbe1819cb94fe:bravilor-acceptance\/uploads\/2024\/02\/043.tych_.bravilorbonamat.zonnepark.230420.jpg 2000w\" sizes=\"auto, (max-width: 1024px) 100vw, 1024px\" \/><\/figure>\n<\/div>\n\n\n\n<div class=\"wp-block-column is-layout-flow wp-block-column-is-layout-flow\">\n<figure class=\"wp-block-image size-large\"><img loading=\"lazy\" decoding=\"async\" width=\"1024\" height=\"682\" src=\"https:\/\/core.fuga.cloud:8080\/db65bd9df005494ab29dbe1819cb94fe:bravilor-acceptance\/uploads\/2024\/02\/033.tych_.bravilorbonamat.zonnepark.230420-1024x682.jpg\" alt=\"\" class=\"wp-image-665317\" srcset=\"https:\/\/core.fuga.cloud:8080\/db65bd9df005494ab29dbe1819cb94fe:bravilor-acceptance\/uploads\/2024\/02\/033.tych_.bravilorbonamat.zonnepark.230420-1024x682.jpg 1024w, https:\/\/core.fuga.cloud:8080\/db65bd9df005494ab29dbe1819cb94fe:bravilor-acceptance\/uploads\/2024\/02\/033.tych_.bravilorbonamat.zonnepark.230420-300x200.jpg 300w, https:\/\/core.fuga.cloud:8080\/db65bd9df005494ab29dbe1819cb94fe:bravilor-acceptance\/uploads\/2024\/02\/033.tych_.bravilorbonamat.zonnepark.230420-768x512.jpg 768w, https:\/\/core.fuga.cloud:8080\/db65bd9df005494ab29dbe1819cb94fe:bravilor-acceptance\/uploads\/2024\/02\/033.tych_.bravilorbonamat.zonnepark.230420-1536x1024.jpg 1536w, https:\/\/core.fuga.cloud:8080\/db65bd9df005494ab29dbe1819cb94fe:bravilor-acceptance\/uploads\/2024\/02\/033.tych_.bravilorbonamat.zonnepark.230420-1620x1080.jpg 1620w, https:\/\/core.fuga.cloud:8080\/db65bd9df005494ab29dbe1819cb94fe:bravilor-acceptance\/uploads\/2024\/02\/033.tych_.bravilorbonamat.zonnepark.230420-1013x675.jpg 1013w, https:\/\/core.fuga.cloud:8080\/db65bd9df005494ab29dbe1819cb94fe:bravilor-acceptance\/uploads\/2024\/02\/033.tych_.bravilorbonamat.zonnepark.230420-675x450.jpg 675w, https:\/\/core.fuga.cloud:8080\/db65bd9df005494ab29dbe1819cb94fe:bravilor-acceptance\/uploads\/2024\/02\/033.tych_.bravilorbonamat.zonnepark.230420-338x225.jpg 338w, https:\/\/core.fuga.cloud:8080\/db65bd9df005494ab29dbe1819cb94fe:bravilor-acceptance\/uploads\/2024\/02\/033.tych_.bravilorbonamat.zonnepark.230420.jpg 2000w\" sizes=\"auto, (max-width: 1024px) 100vw, 1024px\" \/><\/figure>\n<\/div>\n<\/div>\n\n\n\n<div class=\"wp-block-columns has-2-columns is-layout-flex wp-container-core-columns-is-layout-9d6595d7 wp-block-columns-is-layout-flex\">\n<div class=\"wp-block-column is-layout-flow wp-block-column-is-layout-flow\">\n<figure class=\"wp-block-image size-full\"><img loading=\"lazy\" decoding=\"async\" width=\"500\" height=\"375\" src=\"https:\/\/core.fuga.cloud:8080\/db65bd9df005494ab29dbe1819cb94fe:bravilor-acceptance\/uploads\/2024\/02\/iso14001-png.png\" alt=\"\" class=\"wp-image-665605\" srcset=\"https:\/\/core.fuga.cloud:8080\/db65bd9df005494ab29dbe1819cb94fe:bravilor-acceptance\/uploads\/2024\/02\/iso14001-png.png 500w, https:\/\/core.fuga.cloud:8080\/db65bd9df005494ab29dbe1819cb94fe:bravilor-acceptance\/uploads\/2024\/02\/iso14001-png-300x225.png 300w\" sizes=\"auto, (max-width: 500px) 100vw, 500px\" \/><\/figure>\n<\/div>\n\n\n\n<div class=\"wp-block-column is-layout-flow wp-block-column-is-layout-flow\">\n<h2 class=\"wp-block-heading\">Certifi\u00e9 ISO 14001<\/h2>\n\n\n\n<p>Notre site de Heerhugowaard est certifi\u00e9 ISO 14001 pour la gestion de l&#8217;environnement depuis 2010. Illustrer notre succ\u00e8s continu dans ce domaine et d\u00e9montrer notre contr\u00f4le efficace des processus d&#8217;entreprise et des risques environnementaux. En prenant continuellement des mesures au niveau politique et organisationnel, nous nous effor\u00e7ons syst\u00e9matiquement de minimiser notre impact sur l&#8217;environnement.<\/p>\n\n\n\r\n<a class=\"c-button c-button--red\" href=\"https:\/\/bravilor.com\/app\/uploads\/2024\/02\/cer-iso-14001-en.pdf\" target=\"_blank\">\r\n    <span class=\"c-button__text\">Voir notre certificat ISO 14001<\/span>\r\n<\/a>\r\n<\/div>\n<\/div>\n\n\n\n<p> <\/p>\n\n\n\n<p><\/p>\n\n\n\n<p><\/p>\n\n\n\n<p><\/p>\n","protected":false},"excerpt":{"rendered":"<p>En adoptant le concept g\u00e9n\u00e9ral de durabilit\u00e9, nous r\u00e9duisons activement notre empreinte environnementale et pr\u00e9servons des ressources pr\u00e9cieuses. C&#8217;est l&#8217;une des raisons pour lesquelles l&#8217;acier inoxydable est notre mat\u00e9riau de pr\u00e9dilection. En soi, l&#8217;acier inoxydable est recyclable \u00e0 100 %. En fait, la majorit\u00e9 des mat\u00e9riaux en acier inoxydable utilis\u00e9s aujourd&#8217;hui dans le monde proviennent [&hellip;]<\/p>\n","protected":false},"author":5,"featured_media":0,"parent":0,"menu_order":0,"comment_status":"closed","ping_status":"closed","template":"","meta":{"_acf_changed":false,"footnotes":""},"class_list":["post-671038","page","type-page","status-publish","hentry"],"acf":[],"yoast_head":"<!-- This site is optimized with the Yoast SEO plugin v26.3 - https:\/\/yoast.com\/wordpress\/plugins\/seo\/ -->\n<title>Durabilit\u00e9 - Bravilor Bonamat<\/title>\n<meta name=\"description\" content=\"Durabilit\u00e9 de est la machine \u00e0 caf\u00e9 id\u00e9ale pour les entreprises ambitieuses. Un bon caf\u00e9 rend les employ\u00e9s heureux. D\u00e9couvrez-en plus !\" \/>\n<meta name=\"robots\" content=\"noindex, follow, max-snippet:-1, max-image-preview:large, max-video-preview:-1\" \/>\n<meta property=\"og:locale\" content=\"fr_FR\" \/>\n<meta property=\"og:type\" content=\"article\" \/>\n<meta property=\"og:title\" content=\"Durabilit\u00e9 - Bravilor Bonamat\" \/>\n<meta property=\"og:description\" content=\"Durabilit\u00e9 de est la machine \u00e0 caf\u00e9 id\u00e9ale pour les entreprises ambitieuses. Un bon caf\u00e9 rend les employ\u00e9s heureux. D\u00e9couvrez-en plus !\" \/>\n<meta property=\"og:url\" content=\"https:\/\/www.acceptance.bravilor.dkpnt.nl\/fr\/durabilite\/\" \/>\n<meta property=\"og:site_name\" content=\"Bravilor Bonamat\" \/>\n<meta property=\"article:publisher\" content=\"https:\/\/www.facebook.com\/bravilor.bonamat.bv\" \/>\n<meta property=\"article:modified_time\" content=\"2024-04-18T11:53:28+00:00\" \/>\n<meta property=\"og:image\" content=\"https:\/\/bravilor.com\/app\/uploads\/2024\/02\/2022_MetalShop_25-1024x683.jpg\" \/>\n<meta name=\"twitter:card\" content=\"summary_large_image\" \/>\n<meta name=\"twitter:label1\" content=\"Est. reading time\" \/>\n\t<meta name=\"twitter:data1\" content=\"2 minutes\" \/>\n<script type=\"application\/ld+json\" class=\"yoast-schema-graph\">{\"@context\":\"https:\/\/schema.org\",\"@graph\":[{\"@type\":\"WebPage\",\"@id\":\"https:\/\/www.acceptance.bravilor.dkpnt.nl\/fr\/durabilite\/\",\"url\":\"https:\/\/www.acceptance.bravilor.dkpnt.nl\/fr\/durabilite\/\",\"name\":\"Durabilit\u00e9 - Bravilor Bonamat\",\"isPartOf\":{\"@id\":\"https:\/\/www.acceptance.bravilor.dkpnt.nl\/fr\/#website\"},\"primaryImageOfPage\":{\"@id\":\"https:\/\/www.acceptance.bravilor.dkpnt.nl\/fr\/durabilite\/#primaryimage\"},\"image\":{\"@id\":\"https:\/\/www.acceptance.bravilor.dkpnt.nl\/fr\/durabilite\/#primaryimage\"},\"thumbnailUrl\":\"https:\/\/bravilor.com\/app\/uploads\/2024\/02\/2022_MetalShop_25-1024x683.jpg\",\"datePublished\":\"2024-01-24T15:02:35+00:00\",\"dateModified\":\"2024-04-18T11:53:28+00:00\",\"description\":\"Durabilit\u00e9 de est la machine \u00e0 caf\u00e9 id\u00e9ale pour les entreprises ambitieuses. Un bon caf\u00e9 rend les employ\u00e9s heureux. D\u00e9couvrez-en plus !\",\"inLanguage\":\"fr-FR\",\"potentialAction\":[{\"@type\":\"ReadAction\",\"target\":[\"https:\/\/www.acceptance.bravilor.dkpnt.nl\/fr\/durabilite\/\"]}]},{\"@type\":\"ImageObject\",\"inLanguage\":\"fr-FR\",\"@id\":\"https:\/\/www.acceptance.bravilor.dkpnt.nl\/fr\/durabilite\/#primaryimage\",\"url\":\"https:\/\/bravilor.com\/app\/uploads\/2024\/02\/2022_MetalShop_25-1024x683.jpg\",\"contentUrl\":\"https:\/\/bravilor.com\/app\/uploads\/2024\/02\/2022_MetalShop_25-1024x683.jpg\"},{\"@type\":\"WebSite\",\"@id\":\"https:\/\/www.acceptance.bravilor.dkpnt.nl\/fr\/#website\",\"url\":\"https:\/\/www.acceptance.bravilor.dkpnt.nl\/fr\/\",\"name\":\"Bravilor Bonamat\",\"description\":\"Professional coffee machines and hot water dispensers\",\"publisher\":{\"@id\":\"https:\/\/www.acceptance.bravilor.dkpnt.nl\/fr\/#organization\"},\"potentialAction\":[{\"@type\":\"SearchAction\",\"target\":{\"@type\":\"EntryPoint\",\"urlTemplate\":\"https:\/\/www.acceptance.bravilor.dkpnt.nl\/fr\/?s={search_term_string}\"},\"query-input\":{\"@type\":\"PropertyValueSpecification\",\"valueRequired\":true,\"valueName\":\"search_term_string\"}}],\"inLanguage\":\"fr-FR\"},{\"@type\":\"Organization\",\"@id\":\"https:\/\/www.acceptance.bravilor.dkpnt.nl\/fr\/#organization\",\"name\":\"Bravilor Bonamat\",\"url\":\"https:\/\/www.acceptance.bravilor.dkpnt.nl\/fr\/\",\"logo\":{\"@type\":\"ImageObject\",\"inLanguage\":\"fr-FR\",\"@id\":\"https:\/\/www.acceptance.bravilor.dkpnt.nl\/fr\/#\/schema\/logo\/image\/\",\"url\":\"https:\/\/www.bravilor.com\/app\/uploads\/2024\/01\/logo.svg\",\"contentUrl\":\"https:\/\/www.bravilor.com\/app\/uploads\/2024\/01\/logo.svg\",\"width\":1,\"height\":1,\"caption\":\"Bravilor Bonamat\"},\"image\":{\"@id\":\"https:\/\/www.acceptance.bravilor.dkpnt.nl\/fr\/#\/schema\/logo\/image\/\"},\"sameAs\":[\"https:\/\/www.facebook.com\/bravilor.bonamat.bv\"]}]}<\/script>\n<!-- \/ Yoast SEO plugin. -->","yoast_head_json":{"title":"Durabilit\u00e9 - Bravilor Bonamat","description":"Durabilit\u00e9 de est la machine \u00e0 caf\u00e9 id\u00e9ale pour les entreprises ambitieuses. Un bon caf\u00e9 rend les employ\u00e9s heureux. D\u00e9couvrez-en plus !","robots":{"index":"noindex","follow":"follow","max-snippet":"max-snippet:-1","max-image-preview":"max-image-preview:large","max-video-preview":"max-video-preview:-1"},"og_locale":"fr_FR","og_type":"article","og_title":"Durabilit\u00e9 - Bravilor Bonamat","og_description":"Durabilit\u00e9 de est la machine \u00e0 caf\u00e9 id\u00e9ale pour les entreprises ambitieuses. Un bon caf\u00e9 rend les employ\u00e9s heureux. D\u00e9couvrez-en plus !","og_url":"https:\/\/www.acceptance.bravilor.dkpnt.nl\/fr\/durabilite\/","og_site_name":"Bravilor Bonamat","article_publisher":"https:\/\/www.facebook.com\/bravilor.bonamat.bv","article_modified_time":"2024-04-18T11:53:28+00:00","og_image":[{"url":"https:\/\/bravilor.com\/app\/uploads\/2024\/02\/2022_MetalShop_25-1024x683.jpg","type":"","width":"","height":""}],"twitter_card":"summary_large_image","twitter_misc":{"Est. reading time":"2 minutes"},"schema":{"@context":"https:\/\/schema.org","@graph":[{"@type":"WebPage","@id":"https:\/\/www.acceptance.bravilor.dkpnt.nl\/fr\/durabilite\/","url":"https:\/\/www.acceptance.bravilor.dkpnt.nl\/fr\/durabilite\/","name":"Durabilit\u00e9 - Bravilor Bonamat","isPartOf":{"@id":"https:\/\/www.acceptance.bravilor.dkpnt.nl\/fr\/#website"},"primaryImageOfPage":{"@id":"https:\/\/www.acceptance.bravilor.dkpnt.nl\/fr\/durabilite\/#primaryimage"},"image":{"@id":"https:\/\/www.acceptance.bravilor.dkpnt.nl\/fr\/durabilite\/#primaryimage"},"thumbnailUrl":"https:\/\/bravilor.com\/app\/uploads\/2024\/02\/2022_MetalShop_25-1024x683.jpg","datePublished":"2024-01-24T15:02:35+00:00","dateModified":"2024-04-18T11:53:28+00:00","description":"Durabilit\u00e9 de est la machine \u00e0 caf\u00e9 id\u00e9ale pour les entreprises ambitieuses. Un bon caf\u00e9 rend les employ\u00e9s heureux. D\u00e9couvrez-en plus !","inLanguage":"fr-FR","potentialAction":[{"@type":"ReadAction","target":["https:\/\/www.acceptance.bravilor.dkpnt.nl\/fr\/durabilite\/"]}]},{"@type":"ImageObject","inLanguage":"fr-FR","@id":"https:\/\/www.acceptance.bravilor.dkpnt.nl\/fr\/durabilite\/#primaryimage","url":"https:\/\/bravilor.com\/app\/uploads\/2024\/02\/2022_MetalShop_25-1024x683.jpg","contentUrl":"https:\/\/bravilor.com\/app\/uploads\/2024\/02\/2022_MetalShop_25-1024x683.jpg"},{"@type":"WebSite","@id":"https:\/\/www.acceptance.bravilor.dkpnt.nl\/fr\/#website","url":"https:\/\/www.acceptance.bravilor.dkpnt.nl\/fr\/","name":"Bravilor Bonamat","description":"Professional coffee machines and hot water dispensers","publisher":{"@id":"https:\/\/www.acceptance.bravilor.dkpnt.nl\/fr\/#organization"},"potentialAction":[{"@type":"SearchAction","target":{"@type":"EntryPoint","urlTemplate":"https:\/\/www.acceptance.bravilor.dkpnt.nl\/fr\/?s={search_term_string}"},"query-input":{"@type":"PropertyValueSpecification","valueRequired":true,"valueName":"search_term_string"}}],"inLanguage":"fr-FR"},{"@type":"Organization","@id":"https:\/\/www.acceptance.bravilor.dkpnt.nl\/fr\/#organization","name":"Bravilor Bonamat","url":"https:\/\/www.acceptance.bravilor.dkpnt.nl\/fr\/","logo":{"@type":"ImageObject","inLanguage":"fr-FR","@id":"https:\/\/www.acceptance.bravilor.dkpnt.nl\/fr\/#\/schema\/logo\/image\/","url":"https:\/\/www.bravilor.com\/app\/uploads\/2024\/01\/logo.svg","contentUrl":"https:\/\/www.bravilor.com\/app\/uploads\/2024\/01\/logo.svg","width":1,"height":1,"caption":"Bravilor Bonamat"},"image":{"@id":"https:\/\/www.acceptance.bravilor.dkpnt.nl\/fr\/#\/schema\/logo\/image\/"},"sameAs":["https:\/\/www.facebook.com\/bravilor.bonamat.bv"]}]}},"_links":{"self":[{"href":"https:\/\/www.acceptance.bravilor.dkpnt.nl\/fr\/wp-json\/wp\/v2\/pages\/671038","targetHints":{"allow":["GET"]}}],"collection":[{"href":"https:\/\/www.acceptance.bravilor.dkpnt.nl\/fr\/wp-json\/wp\/v2\/pages"}],"about":[{"href":"https:\/\/www.acceptance.bravilor.dkpnt.nl\/fr\/wp-json\/wp\/v2\/types\/page"}],"author":[{"embeddable":true,"href":"https:\/\/www.acceptance.bravilor.dkpnt.nl\/fr\/wp-json\/wp\/v2\/users\/5"}],"replies":[{"embeddable":true,"href":"https:\/\/www.acceptance.bravilor.dkpnt.nl\/fr\/wp-json\/wp\/v2\/comments?post=671038"}],"version-history":[{"count":5,"href":"https:\/\/www.acceptance.bravilor.dkpnt.nl\/fr\/wp-json\/wp\/v2\/pages\/671038\/revisions"}],"predecessor-version":[{"id":672068,"href":"https:\/\/www.acceptance.bravilor.dkpnt.nl\/fr\/wp-json\/wp\/v2\/pages\/671038\/revisions\/672068"}],"wp:attachment":[{"href":"https:\/\/www.acceptance.bravilor.dkpnt.nl\/fr\/wp-json\/wp\/v2\/media?parent=671038"}],"curies":[{"name":"wp","href":"https:\/\/api.w.org\/{rel}","templated":true}]}}