{"id":670903,"date":"2024-01-24T14:17:12","date_gmt":"2024-01-24T14:17:12","guid":{"rendered":"https:\/\/bravilor.com\/qualita-e-innovazione\/"},"modified":"2024-03-27T11:42:03","modified_gmt":"2024-03-27T11:42:03","slug":"qualita-e-innovazione","status":"publish","type":"page","link":"https:\/\/www.acceptance.bravilor.dkpnt.nl\/it\/qualita-e-innovazione\/","title":{"rendered":"Qualit\u00e0 e innovazione"},"content":{"rendered":"\n<p>I nostri clienti interni ed esterni non si aspettano di meno da noi. Il nostro standard di alta qualit\u00e0 \u00e8 il motore della nostra organizzazione. Tutti in Bravilor Bonamat ne sono consapevoli. Soprattutto nel nostro centro di innovazione all&#8217;avanguardia. Dove i nostri migliori e pi\u00f9 brillanti continuano a superare i limiti. Con oltre 20 brevetti in pi\u00f9 di 30 Paesi.<\/p>\n\n\n\n<div class=\"wp-block-columns has-2-columns is-layout-flex wp-container-core-columns-is-layout-9d6595d7 wp-block-columns-is-layout-flex\">\n<div class=\"wp-block-column is-layout-flow wp-block-column-is-layout-flow\">\n<figure class=\"wp-block-image size-large\"><img loading=\"lazy\" decoding=\"async\" width=\"1024\" height=\"683\" src=\"https:\/\/core.fuga.cloud:8080\/db65bd9df005494ab29dbe1819cb94fe:bravilor-acceptance\/uploads\/2024\/02\/2022_Innovation_Centre_24-1024x683.jpg\" alt=\"\" class=\"wp-image-667516\" srcset=\"https:\/\/core.fuga.cloud:8080\/db65bd9df005494ab29dbe1819cb94fe:bravilor-acceptance\/uploads\/2024\/02\/2022_Innovation_Centre_24-1024x683.jpg 1024w, https:\/\/core.fuga.cloud:8080\/db65bd9df005494ab29dbe1819cb94fe:bravilor-acceptance\/uploads\/2024\/02\/2022_Innovation_Centre_24-300x200.jpg 300w, https:\/\/core.fuga.cloud:8080\/db65bd9df005494ab29dbe1819cb94fe:bravilor-acceptance\/uploads\/2024\/02\/2022_Innovation_Centre_24-768x512.jpg 768w, https:\/\/core.fuga.cloud:8080\/db65bd9df005494ab29dbe1819cb94fe:bravilor-acceptance\/uploads\/2024\/02\/2022_Innovation_Centre_24-1013x675.jpg 1013w, https:\/\/core.fuga.cloud:8080\/db65bd9df005494ab29dbe1819cb94fe:bravilor-acceptance\/uploads\/2024\/02\/2022_Innovation_Centre_24-675x450.jpg 675w, https:\/\/core.fuga.cloud:8080\/db65bd9df005494ab29dbe1819cb94fe:bravilor-acceptance\/uploads\/2024\/02\/2022_Innovation_Centre_24-338x225.jpg 338w, https:\/\/core.fuga.cloud:8080\/db65bd9df005494ab29dbe1819cb94fe:bravilor-acceptance\/uploads\/2024\/02\/2022_Innovation_Centre_24.jpg 1500w\" sizes=\"auto, (max-width: 1024px) 100vw, 1024px\" \/><\/figure>\n<\/div>\n\n\n\n<div class=\"wp-block-column is-layout-flow wp-block-column-is-layout-flow\">\n<figure class=\"wp-block-image size-large\"><img loading=\"lazy\" decoding=\"async\" width=\"1024\" height=\"683\" src=\"https:\/\/core.fuga.cloud:8080\/db65bd9df005494ab29dbe1819cb94fe:bravilor-acceptance\/uploads\/2024\/02\/2022_Innovation_Centre_10-1024x683.jpg\" alt=\"\" class=\"wp-image-667555\" srcset=\"https:\/\/core.fuga.cloud:8080\/db65bd9df005494ab29dbe1819cb94fe:bravilor-acceptance\/uploads\/2024\/02\/2022_Innovation_Centre_10-1024x683.jpg 1024w, https:\/\/core.fuga.cloud:8080\/db65bd9df005494ab29dbe1819cb94fe:bravilor-acceptance\/uploads\/2024\/02\/2022_Innovation_Centre_10-300x200.jpg 300w, https:\/\/core.fuga.cloud:8080\/db65bd9df005494ab29dbe1819cb94fe:bravilor-acceptance\/uploads\/2024\/02\/2022_Innovation_Centre_10-768x512.jpg 768w, https:\/\/core.fuga.cloud:8080\/db65bd9df005494ab29dbe1819cb94fe:bravilor-acceptance\/uploads\/2024\/02\/2022_Innovation_Centre_10-1013x675.jpg 1013w, https:\/\/core.fuga.cloud:8080\/db65bd9df005494ab29dbe1819cb94fe:bravilor-acceptance\/uploads\/2024\/02\/2022_Innovation_Centre_10-675x450.jpg 675w, https:\/\/core.fuga.cloud:8080\/db65bd9df005494ab29dbe1819cb94fe:bravilor-acceptance\/uploads\/2024\/02\/2022_Innovation_Centre_10-338x225.jpg 338w, https:\/\/core.fuga.cloud:8080\/db65bd9df005494ab29dbe1819cb94fe:bravilor-acceptance\/uploads\/2024\/02\/2022_Innovation_Centre_10.jpg 1500w\" sizes=\"auto, (max-width: 1024px) 100vw, 1024px\" \/><\/figure>\n<\/div>\n<\/div>\n\n\n\n<div class=\"wp-block-media-text has-media-on-the-right is-stacked-on-mobile\"><div class=\"wp-block-media-text__content\">\n<h2 class=\"wp-block-heading\">CIRCO-brewer<\/h2>\n\n\n\n<p>L\u2019esempio pi\u00f9 eclatante \u00e8 forse il nostro modernissimo CIRCO-brewer. Questo esclusivo gruppo a chiocciola \u00e8 la risposta alla crescente domanda di distributori automatici di caff\u00e8 in grani, soprattutto nel mercato OCS (Office Coffee Service).<\/p>\n<\/div><figure class=\"wp-block-media-text__media\"><img loading=\"lazy\" decoding=\"async\" width=\"1024\" height=\"665\" src=\"https:\/\/core.fuga.cloud:8080\/db65bd9df005494ab29dbe1819cb94fe:bravilor-acceptance\/uploads\/2024\/02\/0376_Circo_01_Brewer_0005_Transparant-1024x665.png\" alt=\"\" class=\"wp-image-667471 size-full\" srcset=\"https:\/\/core.fuga.cloud:8080\/db65bd9df005494ab29dbe1819cb94fe:bravilor-acceptance\/uploads\/2024\/02\/0376_Circo_01_Brewer_0005_Transparant-1024x665.png 1024w, https:\/\/core.fuga.cloud:8080\/db65bd9df005494ab29dbe1819cb94fe:bravilor-acceptance\/uploads\/2024\/02\/0376_Circo_01_Brewer_0005_Transparant-300x195.png 300w, https:\/\/core.fuga.cloud:8080\/db65bd9df005494ab29dbe1819cb94fe:bravilor-acceptance\/uploads\/2024\/02\/0376_Circo_01_Brewer_0005_Transparant-768x499.png 768w, https:\/\/core.fuga.cloud:8080\/db65bd9df005494ab29dbe1819cb94fe:bravilor-acceptance\/uploads\/2024\/02\/0376_Circo_01_Brewer_0005_Transparant-1536x997.png 1536w, https:\/\/core.fuga.cloud:8080\/db65bd9df005494ab29dbe1819cb94fe:bravilor-acceptance\/uploads\/2024\/02\/0376_Circo_01_Brewer_0005_Transparant-1040x675.png 1040w, https:\/\/core.fuga.cloud:8080\/db65bd9df005494ab29dbe1819cb94fe:bravilor-acceptance\/uploads\/2024\/02\/0376_Circo_01_Brewer_0005_Transparant-693x450.png 693w, https:\/\/core.fuga.cloud:8080\/db65bd9df005494ab29dbe1819cb94fe:bravilor-acceptance\/uploads\/2024\/02\/0376_Circo_01_Brewer_0005_Transparant-347x225.png 347w, https:\/\/core.fuga.cloud:8080\/db65bd9df005494ab29dbe1819cb94fe:bravilor-acceptance\/uploads\/2024\/02\/0376_Circo_01_Brewer_0005_Transparant.png 1654w\" sizes=\"auto, (max-width: 1024px) 100vw, 1024px\" \/><\/figure><\/div>\n","protected":false},"excerpt":{"rendered":"<p>I nostri clienti interni ed esterni non si aspettano di meno da noi. Il nostro standard di alta qualit\u00e0 \u00e8 il motore della nostra organizzazione. Tutti in Bravilor Bonamat ne sono consapevoli. Soprattutto nel nostro centro di innovazione all&#8217;avanguardia. Dove i nostri migliori e pi\u00f9 brillanti continuano a superare i limiti. Con oltre 20 brevetti [&hellip;]<\/p>\n","protected":false},"author":5,"featured_media":0,"parent":0,"menu_order":0,"comment_status":"closed","ping_status":"closed","template":"","meta":{"_acf_changed":false,"footnotes":""},"class_list":["post-670903","page","type-page","status-publish","hentry"],"acf":[],"yoast_head":"<!-- This site is optimized with the Yoast SEO plugin v26.3 - https:\/\/yoast.com\/wordpress\/plugins\/seo\/ -->\n<title>Qualit\u00e0 e innovazione - Bravilor Bonamat<\/title>\n<meta name=\"description\" content=\"Qualit\u00e0 e innovazione di \u00e8 la macchina da caff\u00e8 ideale per le aziende ambiziose. Un buon caff\u00e8 rende felici i dipendenti. Scopri di pi\u00f9!\" \/>\n<meta name=\"robots\" content=\"noindex, follow, max-snippet:-1, max-image-preview:large, max-video-preview:-1\" \/>\n<meta property=\"og:locale\" content=\"it_IT\" \/>\n<meta property=\"og:type\" content=\"article\" \/>\n<meta property=\"og:title\" content=\"Qualit\u00e0 e innovazione - Bravilor Bonamat\" \/>\n<meta property=\"og:description\" content=\"Qualit\u00e0 e innovazione di \u00e8 la macchina da caff\u00e8 ideale per le aziende ambiziose. Un buon caff\u00e8 rende felici i dipendenti. Scopri di pi\u00f9!\" \/>\n<meta property=\"og:url\" content=\"https:\/\/www.acceptance.bravilor.dkpnt.nl\/it\/qualita-e-innovazione\/\" \/>\n<meta property=\"og:site_name\" content=\"Bravilor Bonamat\" \/>\n<meta property=\"article:publisher\" content=\"https:\/\/www.facebook.com\/bravilor.bonamat.bv\" \/>\n<meta property=\"article:modified_time\" content=\"2024-03-27T11:42:03+00:00\" \/>\n<meta property=\"og:image\" content=\"https:\/\/bravilor.com\/app\/uploads\/2024\/02\/2022_Innovation_Centre_24-1024x683.jpg\" \/>\n<meta name=\"twitter:card\" content=\"summary_large_image\" \/>\n<meta name=\"twitter:label1\" content=\"Est. reading time\" \/>\n\t<meta name=\"twitter:data1\" content=\"2 minutes\" \/>\n<script type=\"application\/ld+json\" class=\"yoast-schema-graph\">{\"@context\":\"https:\/\/schema.org\",\"@graph\":[{\"@type\":\"WebPage\",\"@id\":\"https:\/\/www.acceptance.bravilor.dkpnt.nl\/it\/qualita-e-innovazione\/\",\"url\":\"https:\/\/www.acceptance.bravilor.dkpnt.nl\/it\/qualita-e-innovazione\/\",\"name\":\"Qualit\u00e0 e innovazione - Bravilor Bonamat\",\"isPartOf\":{\"@id\":\"https:\/\/www.acceptance.bravilor.dkpnt.nl\/it\/#website\"},\"primaryImageOfPage\":{\"@id\":\"https:\/\/www.acceptance.bravilor.dkpnt.nl\/it\/qualita-e-innovazione\/#primaryimage\"},\"image\":{\"@id\":\"https:\/\/www.acceptance.bravilor.dkpnt.nl\/it\/qualita-e-innovazione\/#primaryimage\"},\"thumbnailUrl\":\"https:\/\/bravilor.com\/app\/uploads\/2024\/02\/2022_Innovation_Centre_24-1024x683.jpg\",\"datePublished\":\"2024-01-24T14:17:12+00:00\",\"dateModified\":\"2024-03-27T11:42:03+00:00\",\"description\":\"Qualit\u00e0 e innovazione di \u00e8 la macchina da caff\u00e8 ideale per le aziende ambiziose. Un buon caff\u00e8 rende felici i dipendenti. Scopri di pi\u00f9!\",\"inLanguage\":\"it-IT\",\"potentialAction\":[{\"@type\":\"ReadAction\",\"target\":[\"https:\/\/www.acceptance.bravilor.dkpnt.nl\/it\/qualita-e-innovazione\/\"]}]},{\"@type\":\"ImageObject\",\"inLanguage\":\"it-IT\",\"@id\":\"https:\/\/www.acceptance.bravilor.dkpnt.nl\/it\/qualita-e-innovazione\/#primaryimage\",\"url\":\"https:\/\/bravilor.com\/app\/uploads\/2024\/02\/2022_Innovation_Centre_24-1024x683.jpg\",\"contentUrl\":\"https:\/\/bravilor.com\/app\/uploads\/2024\/02\/2022_Innovation_Centre_24-1024x683.jpg\"},{\"@type\":\"WebSite\",\"@id\":\"https:\/\/www.acceptance.bravilor.dkpnt.nl\/it\/#website\",\"url\":\"https:\/\/www.acceptance.bravilor.dkpnt.nl\/it\/\",\"name\":\"Bravilor Bonamat\",\"description\":\"Professional coffee machines and hot water dispensers\",\"publisher\":{\"@id\":\"https:\/\/www.acceptance.bravilor.dkpnt.nl\/it\/#organization\"},\"potentialAction\":[{\"@type\":\"SearchAction\",\"target\":{\"@type\":\"EntryPoint\",\"urlTemplate\":\"https:\/\/www.acceptance.bravilor.dkpnt.nl\/it\/?s={search_term_string}\"},\"query-input\":{\"@type\":\"PropertyValueSpecification\",\"valueRequired\":true,\"valueName\":\"search_term_string\"}}],\"inLanguage\":\"it-IT\"},{\"@type\":\"Organization\",\"@id\":\"https:\/\/www.acceptance.bravilor.dkpnt.nl\/it\/#organization\",\"name\":\"Bravilor Bonamat\",\"url\":\"https:\/\/www.acceptance.bravilor.dkpnt.nl\/it\/\",\"logo\":{\"@type\":\"ImageObject\",\"inLanguage\":\"it-IT\",\"@id\":\"https:\/\/www.acceptance.bravilor.dkpnt.nl\/it\/#\/schema\/logo\/image\/\",\"url\":\"https:\/\/www.bravilor.com\/app\/uploads\/2024\/01\/logo.svg\",\"contentUrl\":\"https:\/\/www.bravilor.com\/app\/uploads\/2024\/01\/logo.svg\",\"width\":1,\"height\":1,\"caption\":\"Bravilor Bonamat\"},\"image\":{\"@id\":\"https:\/\/www.acceptance.bravilor.dkpnt.nl\/it\/#\/schema\/logo\/image\/\"},\"sameAs\":[\"https:\/\/www.facebook.com\/bravilor.bonamat.bv\"]}]}<\/script>\n<!-- \/ Yoast SEO plugin. -->","yoast_head_json":{"title":"Qualit\u00e0 e innovazione - Bravilor Bonamat","description":"Qualit\u00e0 e innovazione di \u00e8 la macchina da caff\u00e8 ideale per le aziende ambiziose. Un buon caff\u00e8 rende felici i dipendenti. Scopri di pi\u00f9!","robots":{"index":"noindex","follow":"follow","max-snippet":"max-snippet:-1","max-image-preview":"max-image-preview:large","max-video-preview":"max-video-preview:-1"},"og_locale":"it_IT","og_type":"article","og_title":"Qualit\u00e0 e innovazione - Bravilor Bonamat","og_description":"Qualit\u00e0 e innovazione di \u00e8 la macchina da caff\u00e8 ideale per le aziende ambiziose. Un buon caff\u00e8 rende felici i dipendenti. Scopri di pi\u00f9!","og_url":"https:\/\/www.acceptance.bravilor.dkpnt.nl\/it\/qualita-e-innovazione\/","og_site_name":"Bravilor Bonamat","article_publisher":"https:\/\/www.facebook.com\/bravilor.bonamat.bv","article_modified_time":"2024-03-27T11:42:03+00:00","og_image":[{"url":"https:\/\/bravilor.com\/app\/uploads\/2024\/02\/2022_Innovation_Centre_24-1024x683.jpg","type":"","width":"","height":""}],"twitter_card":"summary_large_image","twitter_misc":{"Est. reading time":"2 minutes"},"schema":{"@context":"https:\/\/schema.org","@graph":[{"@type":"WebPage","@id":"https:\/\/www.acceptance.bravilor.dkpnt.nl\/it\/qualita-e-innovazione\/","url":"https:\/\/www.acceptance.bravilor.dkpnt.nl\/it\/qualita-e-innovazione\/","name":"Qualit\u00e0 e innovazione - Bravilor Bonamat","isPartOf":{"@id":"https:\/\/www.acceptance.bravilor.dkpnt.nl\/it\/#website"},"primaryImageOfPage":{"@id":"https:\/\/www.acceptance.bravilor.dkpnt.nl\/it\/qualita-e-innovazione\/#primaryimage"},"image":{"@id":"https:\/\/www.acceptance.bravilor.dkpnt.nl\/it\/qualita-e-innovazione\/#primaryimage"},"thumbnailUrl":"https:\/\/bravilor.com\/app\/uploads\/2024\/02\/2022_Innovation_Centre_24-1024x683.jpg","datePublished":"2024-01-24T14:17:12+00:00","dateModified":"2024-03-27T11:42:03+00:00","description":"Qualit\u00e0 e innovazione di \u00e8 la macchina da caff\u00e8 ideale per le aziende ambiziose. Un buon caff\u00e8 rende felici i dipendenti. Scopri di pi\u00f9!","inLanguage":"it-IT","potentialAction":[{"@type":"ReadAction","target":["https:\/\/www.acceptance.bravilor.dkpnt.nl\/it\/qualita-e-innovazione\/"]}]},{"@type":"ImageObject","inLanguage":"it-IT","@id":"https:\/\/www.acceptance.bravilor.dkpnt.nl\/it\/qualita-e-innovazione\/#primaryimage","url":"https:\/\/bravilor.com\/app\/uploads\/2024\/02\/2022_Innovation_Centre_24-1024x683.jpg","contentUrl":"https:\/\/bravilor.com\/app\/uploads\/2024\/02\/2022_Innovation_Centre_24-1024x683.jpg"},{"@type":"WebSite","@id":"https:\/\/www.acceptance.bravilor.dkpnt.nl\/it\/#website","url":"https:\/\/www.acceptance.bravilor.dkpnt.nl\/it\/","name":"Bravilor Bonamat","description":"Professional coffee machines and hot water dispensers","publisher":{"@id":"https:\/\/www.acceptance.bravilor.dkpnt.nl\/it\/#organization"},"potentialAction":[{"@type":"SearchAction","target":{"@type":"EntryPoint","urlTemplate":"https:\/\/www.acceptance.bravilor.dkpnt.nl\/it\/?s={search_term_string}"},"query-input":{"@type":"PropertyValueSpecification","valueRequired":true,"valueName":"search_term_string"}}],"inLanguage":"it-IT"},{"@type":"Organization","@id":"https:\/\/www.acceptance.bravilor.dkpnt.nl\/it\/#organization","name":"Bravilor Bonamat","url":"https:\/\/www.acceptance.bravilor.dkpnt.nl\/it\/","logo":{"@type":"ImageObject","inLanguage":"it-IT","@id":"https:\/\/www.acceptance.bravilor.dkpnt.nl\/it\/#\/schema\/logo\/image\/","url":"https:\/\/www.bravilor.com\/app\/uploads\/2024\/01\/logo.svg","contentUrl":"https:\/\/www.bravilor.com\/app\/uploads\/2024\/01\/logo.svg","width":1,"height":1,"caption":"Bravilor Bonamat"},"image":{"@id":"https:\/\/www.acceptance.bravilor.dkpnt.nl\/it\/#\/schema\/logo\/image\/"},"sameAs":["https:\/\/www.facebook.com\/bravilor.bonamat.bv"]}]}},"_links":{"self":[{"href":"https:\/\/www.acceptance.bravilor.dkpnt.nl\/it\/wp-json\/wp\/v2\/pages\/670903","targetHints":{"allow":["GET"]}}],"collection":[{"href":"https:\/\/www.acceptance.bravilor.dkpnt.nl\/it\/wp-json\/wp\/v2\/pages"}],"about":[{"href":"https:\/\/www.acceptance.bravilor.dkpnt.nl\/it\/wp-json\/wp\/v2\/types\/page"}],"author":[{"embeddable":true,"href":"https:\/\/www.acceptance.bravilor.dkpnt.nl\/it\/wp-json\/wp\/v2\/users\/5"}],"replies":[{"embeddable":true,"href":"https:\/\/www.acceptance.bravilor.dkpnt.nl\/it\/wp-json\/wp\/v2\/comments?post=670903"}],"version-history":[{"count":5,"href":"https:\/\/www.acceptance.bravilor.dkpnt.nl\/it\/wp-json\/wp\/v2\/pages\/670903\/revisions"}],"predecessor-version":[{"id":671537,"href":"https:\/\/www.acceptance.bravilor.dkpnt.nl\/it\/wp-json\/wp\/v2\/pages\/670903\/revisions\/671537"}],"wp:attachment":[{"href":"https:\/\/www.acceptance.bravilor.dkpnt.nl\/it\/wp-json\/wp\/v2\/media?parent=670903"}],"curies":[{"name":"wp","href":"https:\/\/api.w.org\/{rel}","templated":true}]}}