{"id":670927,"date":"2024-01-24T14:17:12","date_gmt":"2024-01-24T14:17:12","guid":{"rendered":"https:\/\/bravilor.com\/jakosc-i-innowacyjnosc-2\/"},"modified":"2024-11-25T11:05:25","modified_gmt":"2024-11-25T11:05:25","slug":"jakosc-i-innowacyjnosc","status":"publish","type":"page","link":"https:\/\/www.acceptance.bravilor.dkpnt.nl\/pl\/jakosc-i-innowacyjnosc\/","title":{"rendered":"Jako\u015b\u0107 i innowacyjno\u015b\u0107"},"content":{"rendered":"\n<p>Nasi wewn\u0119trzni i zewn\u0119trzni klienci oczekuj\u0105 od nas nie mniej. Nasz standard wysokiej jako\u015bci jest tym, co nap\u0119dza nasz\u0105 organizacj\u0119. Wszyscy w Bravilor Bonamat s\u0105 tego \u015bwiadomi. Zw\u0142aszcza w naszym najnowocze\u015bniejszym centrum innowacji. Gdzie nasi najlepsi i najzdolniejsi nadal przekraczaj\u0105 granice. Zaowocowa\u0142o to ponad 20 patentami w ponad 30 krajach.<\/p>\n\n<div class=\"wp-block-columns has-2-columns is-layout-flex wp-container-core-columns-is-layout-9d6595d7 wp-block-columns-is-layout-flex\">\n<div class=\"wp-block-column is-layout-flow wp-block-column-is-layout-flow\">\n<figure class=\"wp-block-image size-large\"><img loading=\"lazy\" decoding=\"async\" width=\"1024\" height=\"683\" src=\"https:\/\/core.fuga.cloud:8080\/db65bd9df005494ab29dbe1819cb94fe:bravilor-acceptance\/uploads\/2024\/02\/2022_Innovation_Centre_24-1024x683.jpg\" alt=\"\" class=\"wp-image-667516\" srcset=\"https:\/\/core.fuga.cloud:8080\/db65bd9df005494ab29dbe1819cb94fe:bravilor-acceptance\/uploads\/2024\/02\/2022_Innovation_Centre_24-1024x683.jpg 1024w, https:\/\/core.fuga.cloud:8080\/db65bd9df005494ab29dbe1819cb94fe:bravilor-acceptance\/uploads\/2024\/02\/2022_Innovation_Centre_24-300x200.jpg 300w, https:\/\/core.fuga.cloud:8080\/db65bd9df005494ab29dbe1819cb94fe:bravilor-acceptance\/uploads\/2024\/02\/2022_Innovation_Centre_24-768x512.jpg 768w, https:\/\/core.fuga.cloud:8080\/db65bd9df005494ab29dbe1819cb94fe:bravilor-acceptance\/uploads\/2024\/02\/2022_Innovation_Centre_24-1013x675.jpg 1013w, https:\/\/core.fuga.cloud:8080\/db65bd9df005494ab29dbe1819cb94fe:bravilor-acceptance\/uploads\/2024\/02\/2022_Innovation_Centre_24-675x450.jpg 675w, https:\/\/core.fuga.cloud:8080\/db65bd9df005494ab29dbe1819cb94fe:bravilor-acceptance\/uploads\/2024\/02\/2022_Innovation_Centre_24-338x225.jpg 338w, https:\/\/core.fuga.cloud:8080\/db65bd9df005494ab29dbe1819cb94fe:bravilor-acceptance\/uploads\/2024\/02\/2022_Innovation_Centre_24.jpg 1500w\" sizes=\"auto, (max-width: 1024px) 100vw, 1024px\" \/><\/figure>\n<\/div>\n\n\n\n<div class=\"wp-block-column is-layout-flow wp-block-column-is-layout-flow\">\n<figure class=\"wp-block-image size-large\"><img loading=\"lazy\" decoding=\"async\" width=\"1024\" height=\"683\" src=\"https:\/\/core.fuga.cloud:8080\/db65bd9df005494ab29dbe1819cb94fe:bravilor-acceptance\/uploads\/2024\/02\/2022_Innovation_Centre_10-1024x683.jpg\" alt=\"\" class=\"wp-image-667555\" srcset=\"https:\/\/core.fuga.cloud:8080\/db65bd9df005494ab29dbe1819cb94fe:bravilor-acceptance\/uploads\/2024\/02\/2022_Innovation_Centre_10-1024x683.jpg 1024w, https:\/\/core.fuga.cloud:8080\/db65bd9df005494ab29dbe1819cb94fe:bravilor-acceptance\/uploads\/2024\/02\/2022_Innovation_Centre_10-300x200.jpg 300w, https:\/\/core.fuga.cloud:8080\/db65bd9df005494ab29dbe1819cb94fe:bravilor-acceptance\/uploads\/2024\/02\/2022_Innovation_Centre_10-768x512.jpg 768w, https:\/\/core.fuga.cloud:8080\/db65bd9df005494ab29dbe1819cb94fe:bravilor-acceptance\/uploads\/2024\/02\/2022_Innovation_Centre_10-1013x675.jpg 1013w, https:\/\/core.fuga.cloud:8080\/db65bd9df005494ab29dbe1819cb94fe:bravilor-acceptance\/uploads\/2024\/02\/2022_Innovation_Centre_10-675x450.jpg 675w, https:\/\/core.fuga.cloud:8080\/db65bd9df005494ab29dbe1819cb94fe:bravilor-acceptance\/uploads\/2024\/02\/2022_Innovation_Centre_10-338x225.jpg 338w, https:\/\/core.fuga.cloud:8080\/db65bd9df005494ab29dbe1819cb94fe:bravilor-acceptance\/uploads\/2024\/02\/2022_Innovation_Centre_10.jpg 1500w\" sizes=\"auto, (max-width: 1024px) 100vw, 1024px\" \/><\/figure>\n<\/div>\n<\/div>\n\n<div class=\"wp-block-media-text has-media-on-the-right is-stacked-on-mobile\"><div class=\"wp-block-media-text__content\">\n<h2 class=\"wp-block-heading\">Zaparzacz CIRCO<\/h2>\n\n\n\n<p>By\u0107 mo\u017ce najbardziej osza\u0142amiaj\u0105cym przyk\u0142adem jest nasz najnowocze\u015bniejszy zaparzacz CIRCO. Ten wyj\u0105tkowy zaparzacz rotacyjny jest odpowiedzi\u0105 na rosn\u0105ce zapotrzebowanie na automaty typu bean-to-cup, szczeg\u00f3lnie na rynku OCS (Office Coffee Service).<\/p>\n\n\n\n<p>Cho\u0107 jego kszta\u0142t jest unikalny i ma kompaktowe rozmiary, jego pojemno\u015b\u0107 wynosi od 6 do 18 gram\u00f3w zmielonej kawy. Umo\u017cliwia parzenie dw\u00f3ch espresso jednocze\u015bnie. Pomys\u0142owe sterowanie pomp\u0105 zaparzacza gwarantuje sta\u0142\u0105 ekstrakcj\u0119, co skutkuje pyszn\u0105 warstw\u0105 cremy. Raz za razem.<\/p>\n<\/div><figure class=\"wp-block-media-text__media\"><img loading=\"lazy\" decoding=\"async\" width=\"1024\" height=\"665\" src=\"https:\/\/core.fuga.cloud:8080\/db65bd9df005494ab29dbe1819cb94fe:bravilor-acceptance\/uploads\/2024\/02\/0376_Circo_01_Brewer_0005_Transparant-1024x665.png\" alt=\"\" class=\"wp-image-667471 size-full\" srcset=\"https:\/\/core.fuga.cloud:8080\/db65bd9df005494ab29dbe1819cb94fe:bravilor-acceptance\/uploads\/2024\/02\/0376_Circo_01_Brewer_0005_Transparant-1024x665.png 1024w, https:\/\/core.fuga.cloud:8080\/db65bd9df005494ab29dbe1819cb94fe:bravilor-acceptance\/uploads\/2024\/02\/0376_Circo_01_Brewer_0005_Transparant-300x195.png 300w, https:\/\/core.fuga.cloud:8080\/db65bd9df005494ab29dbe1819cb94fe:bravilor-acceptance\/uploads\/2024\/02\/0376_Circo_01_Brewer_0005_Transparant-768x499.png 768w, https:\/\/core.fuga.cloud:8080\/db65bd9df005494ab29dbe1819cb94fe:bravilor-acceptance\/uploads\/2024\/02\/0376_Circo_01_Brewer_0005_Transparant-1536x997.png 1536w, https:\/\/core.fuga.cloud:8080\/db65bd9df005494ab29dbe1819cb94fe:bravilor-acceptance\/uploads\/2024\/02\/0376_Circo_01_Brewer_0005_Transparant-1040x675.png 1040w, https:\/\/core.fuga.cloud:8080\/db65bd9df005494ab29dbe1819cb94fe:bravilor-acceptance\/uploads\/2024\/02\/0376_Circo_01_Brewer_0005_Transparant-693x450.png 693w, https:\/\/core.fuga.cloud:8080\/db65bd9df005494ab29dbe1819cb94fe:bravilor-acceptance\/uploads\/2024\/02\/0376_Circo_01_Brewer_0005_Transparant-347x225.png 347w, https:\/\/core.fuga.cloud:8080\/db65bd9df005494ab29dbe1819cb94fe:bravilor-acceptance\/uploads\/2024\/02\/0376_Circo_01_Brewer_0005_Transparant.png 1654w\" sizes=\"auto, (max-width: 1024px) 100vw, 1024px\" \/><\/figure><\/div>\n","protected":false},"excerpt":{"rendered":"<p>Nasi wewn\u0119trzni i zewn\u0119trzni klienci oczekuj\u0105 od nas nie mniej. Nasz standard wysokiej jako\u015bci jest tym, co nap\u0119dza nasz\u0105 organizacj\u0119. Wszyscy w Bravilor Bonamat s\u0105 tego \u015bwiadomi. Zw\u0142aszcza w naszym najnowocze\u015bniejszym centrum innowacji. Gdzie nasi najlepsi i najzdolniejsi nadal przekraczaj\u0105 granice. Zaowocowa\u0142o to ponad 20 patentami w ponad 30 krajach. Zaparzacz CIRCO By\u0107 mo\u017ce najbardziej [&hellip;]<\/p>\n","protected":false},"author":5,"featured_media":0,"parent":0,"menu_order":0,"comment_status":"closed","ping_status":"closed","template":"","meta":{"_acf_changed":false,"footnotes":""},"class_list":["post-670927","page","type-page","status-publish","hentry"],"acf":[],"yoast_head":"<!-- This site is optimized with the Yoast SEO plugin v26.3 - https:\/\/yoast.com\/wordpress\/plugins\/seo\/ -->\n<title>Jako\u015b\u0107 i innowacyjno\u015b\u0107 - Bravilor Bonamat<\/title>\n<meta name=\"description\" content=\"Jako\u015b\u0107 i innowacyjno\u015b\u0107 od to ekspres do kawy dla firm z wielkimi ambicjami. Dobra kawa to zadowoleni pracownicy. Dowiedz si\u0119 wi\u0119cej!\" \/>\n<meta name=\"robots\" content=\"noindex, follow, max-snippet:-1, max-image-preview:large, max-video-preview:-1\" \/>\n<meta property=\"og:locale\" content=\"pl_PL\" \/>\n<meta property=\"og:type\" content=\"article\" \/>\n<meta property=\"og:title\" content=\"Jako\u015b\u0107 i innowacyjno\u015b\u0107 - Bravilor Bonamat\" \/>\n<meta property=\"og:description\" content=\"Jako\u015b\u0107 i innowacyjno\u015b\u0107 od to ekspres do kawy dla firm z wielkimi ambicjami. Dobra kawa to zadowoleni pracownicy. Dowiedz si\u0119 wi\u0119cej!\" \/>\n<meta property=\"og:url\" content=\"https:\/\/www.acceptance.bravilor.dkpnt.nl\/pl\/jakosc-i-innowacyjnosc\/\" \/>\n<meta property=\"og:site_name\" content=\"Bravilor Bonamat\" \/>\n<meta property=\"article:publisher\" content=\"https:\/\/www.facebook.com\/bravilor.bonamat.bv\" \/>\n<meta property=\"article:modified_time\" content=\"2024-11-25T11:05:25+00:00\" \/>\n<meta property=\"og:image\" content=\"https:\/\/www.bravilor.com\/app\/uploads\/2024\/02\/2022_Innovation_Centre_24-1024x683.jpg\" \/>\n<meta name=\"twitter:card\" content=\"summary_large_image\" \/>\n<meta name=\"twitter:label1\" content=\"Est. reading time\" \/>\n\t<meta name=\"twitter:data1\" content=\"2 minutes\" \/>\n<script type=\"application\/ld+json\" class=\"yoast-schema-graph\">{\"@context\":\"https:\/\/schema.org\",\"@graph\":[{\"@type\":\"WebPage\",\"@id\":\"https:\/\/www.acceptance.bravilor.dkpnt.nl\/pl\/jakosc-i-innowacyjnosc\/\",\"url\":\"https:\/\/www.acceptance.bravilor.dkpnt.nl\/pl\/jakosc-i-innowacyjnosc\/\",\"name\":\"Jako\u015b\u0107 i innowacyjno\u015b\u0107 - Bravilor Bonamat\",\"isPartOf\":{\"@id\":\"https:\/\/www.acceptance.bravilor.dkpnt.nl\/pl\/#website\"},\"primaryImageOfPage\":{\"@id\":\"https:\/\/www.acceptance.bravilor.dkpnt.nl\/pl\/jakosc-i-innowacyjnosc\/#primaryimage\"},\"image\":{\"@id\":\"https:\/\/www.acceptance.bravilor.dkpnt.nl\/pl\/jakosc-i-innowacyjnosc\/#primaryimage\"},\"thumbnailUrl\":\"https:\/\/www.bravilor.com\/app\/uploads\/2024\/02\/2022_Innovation_Centre_24-1024x683.jpg\",\"datePublished\":\"2024-01-24T14:17:12+00:00\",\"dateModified\":\"2024-11-25T11:05:25+00:00\",\"description\":\"Jako\u015b\u0107 i innowacyjno\u015b\u0107 od to ekspres do kawy dla firm z wielkimi ambicjami. Dobra kawa to zadowoleni pracownicy. Dowiedz si\u0119 wi\u0119cej!\",\"inLanguage\":\"pl-PL\",\"potentialAction\":[{\"@type\":\"ReadAction\",\"target\":[\"https:\/\/www.acceptance.bravilor.dkpnt.nl\/pl\/jakosc-i-innowacyjnosc\/\"]}]},{\"@type\":\"ImageObject\",\"inLanguage\":\"pl-PL\",\"@id\":\"https:\/\/www.acceptance.bravilor.dkpnt.nl\/pl\/jakosc-i-innowacyjnosc\/#primaryimage\",\"url\":\"https:\/\/www.bravilor.com\/app\/uploads\/2024\/02\/2022_Innovation_Centre_24-1024x683.jpg\",\"contentUrl\":\"https:\/\/www.bravilor.com\/app\/uploads\/2024\/02\/2022_Innovation_Centre_24-1024x683.jpg\"},{\"@type\":\"WebSite\",\"@id\":\"https:\/\/www.acceptance.bravilor.dkpnt.nl\/pl\/#website\",\"url\":\"https:\/\/www.acceptance.bravilor.dkpnt.nl\/pl\/\",\"name\":\"Bravilor Bonamat\",\"description\":\"Professional coffee machines and hot water dispensers\",\"publisher\":{\"@id\":\"https:\/\/www.acceptance.bravilor.dkpnt.nl\/pl\/#organization\"},\"potentialAction\":[{\"@type\":\"SearchAction\",\"target\":{\"@type\":\"EntryPoint\",\"urlTemplate\":\"https:\/\/www.acceptance.bravilor.dkpnt.nl\/pl\/?s={search_term_string}\"},\"query-input\":{\"@type\":\"PropertyValueSpecification\",\"valueRequired\":true,\"valueName\":\"search_term_string\"}}],\"inLanguage\":\"pl-PL\"},{\"@type\":\"Organization\",\"@id\":\"https:\/\/www.acceptance.bravilor.dkpnt.nl\/pl\/#organization\",\"name\":\"Bravilor Bonamat\",\"url\":\"https:\/\/www.acceptance.bravilor.dkpnt.nl\/pl\/\",\"logo\":{\"@type\":\"ImageObject\",\"inLanguage\":\"pl-PL\",\"@id\":\"https:\/\/www.acceptance.bravilor.dkpnt.nl\/pl\/#\/schema\/logo\/image\/\",\"url\":\"https:\/\/www.bravilor.com\/app\/uploads\/2024\/01\/logo.svg\",\"contentUrl\":\"https:\/\/www.bravilor.com\/app\/uploads\/2024\/01\/logo.svg\",\"width\":1,\"height\":1,\"caption\":\"Bravilor Bonamat\"},\"image\":{\"@id\":\"https:\/\/www.acceptance.bravilor.dkpnt.nl\/pl\/#\/schema\/logo\/image\/\"},\"sameAs\":[\"https:\/\/www.facebook.com\/bravilor.bonamat.bv\"]}]}<\/script>\n<!-- \/ Yoast SEO plugin. -->","yoast_head_json":{"title":"Jako\u015b\u0107 i innowacyjno\u015b\u0107 - Bravilor Bonamat","description":"Jako\u015b\u0107 i innowacyjno\u015b\u0107 od to ekspres do kawy dla firm z wielkimi ambicjami. Dobra kawa to zadowoleni pracownicy. Dowiedz si\u0119 wi\u0119cej!","robots":{"index":"noindex","follow":"follow","max-snippet":"max-snippet:-1","max-image-preview":"max-image-preview:large","max-video-preview":"max-video-preview:-1"},"og_locale":"pl_PL","og_type":"article","og_title":"Jako\u015b\u0107 i innowacyjno\u015b\u0107 - Bravilor Bonamat","og_description":"Jako\u015b\u0107 i innowacyjno\u015b\u0107 od to ekspres do kawy dla firm z wielkimi ambicjami. Dobra kawa to zadowoleni pracownicy. Dowiedz si\u0119 wi\u0119cej!","og_url":"https:\/\/www.acceptance.bravilor.dkpnt.nl\/pl\/jakosc-i-innowacyjnosc\/","og_site_name":"Bravilor Bonamat","article_publisher":"https:\/\/www.facebook.com\/bravilor.bonamat.bv","article_modified_time":"2024-11-25T11:05:25+00:00","og_image":[{"url":"https:\/\/www.bravilor.com\/app\/uploads\/2024\/02\/2022_Innovation_Centre_24-1024x683.jpg","type":"","width":"","height":""}],"twitter_card":"summary_large_image","twitter_misc":{"Est. reading time":"2 minutes"},"schema":{"@context":"https:\/\/schema.org","@graph":[{"@type":"WebPage","@id":"https:\/\/www.acceptance.bravilor.dkpnt.nl\/pl\/jakosc-i-innowacyjnosc\/","url":"https:\/\/www.acceptance.bravilor.dkpnt.nl\/pl\/jakosc-i-innowacyjnosc\/","name":"Jako\u015b\u0107 i innowacyjno\u015b\u0107 - Bravilor Bonamat","isPartOf":{"@id":"https:\/\/www.acceptance.bravilor.dkpnt.nl\/pl\/#website"},"primaryImageOfPage":{"@id":"https:\/\/www.acceptance.bravilor.dkpnt.nl\/pl\/jakosc-i-innowacyjnosc\/#primaryimage"},"image":{"@id":"https:\/\/www.acceptance.bravilor.dkpnt.nl\/pl\/jakosc-i-innowacyjnosc\/#primaryimage"},"thumbnailUrl":"https:\/\/www.bravilor.com\/app\/uploads\/2024\/02\/2022_Innovation_Centre_24-1024x683.jpg","datePublished":"2024-01-24T14:17:12+00:00","dateModified":"2024-11-25T11:05:25+00:00","description":"Jako\u015b\u0107 i innowacyjno\u015b\u0107 od to ekspres do kawy dla firm z wielkimi ambicjami. Dobra kawa to zadowoleni pracownicy. Dowiedz si\u0119 wi\u0119cej!","inLanguage":"pl-PL","potentialAction":[{"@type":"ReadAction","target":["https:\/\/www.acceptance.bravilor.dkpnt.nl\/pl\/jakosc-i-innowacyjnosc\/"]}]},{"@type":"ImageObject","inLanguage":"pl-PL","@id":"https:\/\/www.acceptance.bravilor.dkpnt.nl\/pl\/jakosc-i-innowacyjnosc\/#primaryimage","url":"https:\/\/www.bravilor.com\/app\/uploads\/2024\/02\/2022_Innovation_Centre_24-1024x683.jpg","contentUrl":"https:\/\/www.bravilor.com\/app\/uploads\/2024\/02\/2022_Innovation_Centre_24-1024x683.jpg"},{"@type":"WebSite","@id":"https:\/\/www.acceptance.bravilor.dkpnt.nl\/pl\/#website","url":"https:\/\/www.acceptance.bravilor.dkpnt.nl\/pl\/","name":"Bravilor Bonamat","description":"Professional coffee machines and hot water dispensers","publisher":{"@id":"https:\/\/www.acceptance.bravilor.dkpnt.nl\/pl\/#organization"},"potentialAction":[{"@type":"SearchAction","target":{"@type":"EntryPoint","urlTemplate":"https:\/\/www.acceptance.bravilor.dkpnt.nl\/pl\/?s={search_term_string}"},"query-input":{"@type":"PropertyValueSpecification","valueRequired":true,"valueName":"search_term_string"}}],"inLanguage":"pl-PL"},{"@type":"Organization","@id":"https:\/\/www.acceptance.bravilor.dkpnt.nl\/pl\/#organization","name":"Bravilor Bonamat","url":"https:\/\/www.acceptance.bravilor.dkpnt.nl\/pl\/","logo":{"@type":"ImageObject","inLanguage":"pl-PL","@id":"https:\/\/www.acceptance.bravilor.dkpnt.nl\/pl\/#\/schema\/logo\/image\/","url":"https:\/\/www.bravilor.com\/app\/uploads\/2024\/01\/logo.svg","contentUrl":"https:\/\/www.bravilor.com\/app\/uploads\/2024\/01\/logo.svg","width":1,"height":1,"caption":"Bravilor Bonamat"},"image":{"@id":"https:\/\/www.acceptance.bravilor.dkpnt.nl\/pl\/#\/schema\/logo\/image\/"},"sameAs":["https:\/\/www.facebook.com\/bravilor.bonamat.bv"]}]}},"_links":{"self":[{"href":"https:\/\/www.acceptance.bravilor.dkpnt.nl\/pl\/wp-json\/wp\/v2\/pages\/670927","targetHints":{"allow":["GET"]}}],"collection":[{"href":"https:\/\/www.acceptance.bravilor.dkpnt.nl\/pl\/wp-json\/wp\/v2\/pages"}],"about":[{"href":"https:\/\/www.acceptance.bravilor.dkpnt.nl\/pl\/wp-json\/wp\/v2\/types\/page"}],"author":[{"embeddable":true,"href":"https:\/\/www.acceptance.bravilor.dkpnt.nl\/pl\/wp-json\/wp\/v2\/users\/5"}],"replies":[{"embeddable":true,"href":"https:\/\/www.acceptance.bravilor.dkpnt.nl\/pl\/wp-json\/wp\/v2\/comments?post=670927"}],"version-history":[{"count":3,"href":"https:\/\/www.acceptance.bravilor.dkpnt.nl\/pl\/wp-json\/wp\/v2\/pages\/670927\/revisions"}],"predecessor-version":[{"id":825793,"href":"https:\/\/www.acceptance.bravilor.dkpnt.nl\/pl\/wp-json\/wp\/v2\/pages\/670927\/revisions\/825793"}],"wp:attachment":[{"href":"https:\/\/www.acceptance.bravilor.dkpnt.nl\/pl\/wp-json\/wp\/v2\/media?parent=670927"}],"curies":[{"name":"wp","href":"https:\/\/api.w.org\/{rel}","templated":true}]}}