{"id":670951,"date":"2024-01-24T14:17:12","date_gmt":"2024-01-24T14:17:12","guid":{"rendered":"https:\/\/bravilor.com\/kvalitet-och-innovation-2\/"},"modified":"2024-11-25T12:04:06","modified_gmt":"2024-11-25T12:04:06","slug":"kvalitet-och-innovation","status":"publish","type":"page","link":"https:\/\/www.acceptance.bravilor.dkpnt.nl\/sv\/kvalitet-och-innovation\/","title":{"rendered":"Kvalitet och innovation"},"content":{"rendered":"\n<p>V\u00e5ra interna och externa kunder f\u00f6rv\u00e4ntar sig inte mindre av oss. V\u00e5r h\u00f6ga kvalitetsstandard \u00e4r det som driver v\u00e5r organisation. Alla p\u00e5 Bravilor Bonamat \u00e4r medvetna om detta. S\u00e4rskilt i v\u00e5rt toppmoderna innovationscenter. D\u00e4r v\u00e5ra b\u00e4sta och smartaste forts\u00e4tter att t\u00e4nja p\u00e5 gr\u00e4nserna. Detta har resulterat i \u00f6ver 20 patent i mer \u00e4n 30 l\u00e4nder.<\/p>\n\n<div class=\"wp-block-columns has-2-columns is-layout-flex wp-container-core-columns-is-layout-9d6595d7 wp-block-columns-is-layout-flex\">\n<div class=\"wp-block-column is-layout-flow wp-block-column-is-layout-flow\">\n<figure class=\"wp-block-image size-large\"><img loading=\"lazy\" decoding=\"async\" width=\"1024\" height=\"683\" src=\"https:\/\/core.fuga.cloud:8080\/db65bd9df005494ab29dbe1819cb94fe:bravilor-acceptance\/uploads\/2024\/02\/2022_Innovation_Centre_24-1024x683.jpg\" alt=\"\" class=\"wp-image-667516\" srcset=\"https:\/\/core.fuga.cloud:8080\/db65bd9df005494ab29dbe1819cb94fe:bravilor-acceptance\/uploads\/2024\/02\/2022_Innovation_Centre_24-1024x683.jpg 1024w, https:\/\/core.fuga.cloud:8080\/db65bd9df005494ab29dbe1819cb94fe:bravilor-acceptance\/uploads\/2024\/02\/2022_Innovation_Centre_24-300x200.jpg 300w, https:\/\/core.fuga.cloud:8080\/db65bd9df005494ab29dbe1819cb94fe:bravilor-acceptance\/uploads\/2024\/02\/2022_Innovation_Centre_24-768x512.jpg 768w, https:\/\/core.fuga.cloud:8080\/db65bd9df005494ab29dbe1819cb94fe:bravilor-acceptance\/uploads\/2024\/02\/2022_Innovation_Centre_24-1013x675.jpg 1013w, https:\/\/core.fuga.cloud:8080\/db65bd9df005494ab29dbe1819cb94fe:bravilor-acceptance\/uploads\/2024\/02\/2022_Innovation_Centre_24-675x450.jpg 675w, https:\/\/core.fuga.cloud:8080\/db65bd9df005494ab29dbe1819cb94fe:bravilor-acceptance\/uploads\/2024\/02\/2022_Innovation_Centre_24-338x225.jpg 338w, https:\/\/core.fuga.cloud:8080\/db65bd9df005494ab29dbe1819cb94fe:bravilor-acceptance\/uploads\/2024\/02\/2022_Innovation_Centre_24.jpg 1500w\" sizes=\"auto, (max-width: 1024px) 100vw, 1024px\" \/><\/figure>\n<\/div>\n\n\n\n<div class=\"wp-block-column is-layout-flow wp-block-column-is-layout-flow\">\n<figure class=\"wp-block-image size-large\"><img loading=\"lazy\" decoding=\"async\" width=\"1024\" height=\"683\" src=\"https:\/\/core.fuga.cloud:8080\/db65bd9df005494ab29dbe1819cb94fe:bravilor-acceptance\/uploads\/2024\/02\/2022_Innovation_Centre_10-1024x683.jpg\" alt=\"\" class=\"wp-image-667555\" srcset=\"https:\/\/core.fuga.cloud:8080\/db65bd9df005494ab29dbe1819cb94fe:bravilor-acceptance\/uploads\/2024\/02\/2022_Innovation_Centre_10-1024x683.jpg 1024w, https:\/\/core.fuga.cloud:8080\/db65bd9df005494ab29dbe1819cb94fe:bravilor-acceptance\/uploads\/2024\/02\/2022_Innovation_Centre_10-300x200.jpg 300w, https:\/\/core.fuga.cloud:8080\/db65bd9df005494ab29dbe1819cb94fe:bravilor-acceptance\/uploads\/2024\/02\/2022_Innovation_Centre_10-768x512.jpg 768w, https:\/\/core.fuga.cloud:8080\/db65bd9df005494ab29dbe1819cb94fe:bravilor-acceptance\/uploads\/2024\/02\/2022_Innovation_Centre_10-1013x675.jpg 1013w, https:\/\/core.fuga.cloud:8080\/db65bd9df005494ab29dbe1819cb94fe:bravilor-acceptance\/uploads\/2024\/02\/2022_Innovation_Centre_10-675x450.jpg 675w, https:\/\/core.fuga.cloud:8080\/db65bd9df005494ab29dbe1819cb94fe:bravilor-acceptance\/uploads\/2024\/02\/2022_Innovation_Centre_10-338x225.jpg 338w, https:\/\/core.fuga.cloud:8080\/db65bd9df005494ab29dbe1819cb94fe:bravilor-acceptance\/uploads\/2024\/02\/2022_Innovation_Centre_10.jpg 1500w\" sizes=\"auto, (max-width: 1024px) 100vw, 1024px\" \/><\/figure>\n<\/div>\n<\/div>\n\n<div class=\"wp-block-media-text has-media-on-the-right is-stacked-on-mobile\"><div class=\"wp-block-media-text__content\">\n<h2 class=\"wp-block-heading\">CIRCO bryggare<\/h2>\n\n\n\n<p>Det kanske mest fantastiska exemplet \u00e4r v\u00e5r banbrytande CIRCO-bryggare. Denna unika rotationsbryggare \u00e4r svaret p\u00e5 den v\u00e4xande efterfr\u00e5gan p\u00e5 b\u00f6n-till-kopp-automater, s\u00e4rskilt p\u00e5 OCS-marknaden (Office Coffee Service).<\/p>\n\n\n\n<p>Den har en unik form och \u00e4r kompakt i storleken, men har en kapacitet p\u00e5 6 till 18 gram malet kaffe. G\u00f6r det m\u00f6jligt att brygga tv\u00e5 espressos samtidigt. Den geniala pumpstyrningen av bryggaren garanterar en konstant extraktion som resulterar i ett uts\u00f6kt crema-skikt. Om och om igen.<\/p>\n<\/div><figure class=\"wp-block-media-text__media\"><img loading=\"lazy\" decoding=\"async\" width=\"1024\" height=\"665\" src=\"https:\/\/core.fuga.cloud:8080\/db65bd9df005494ab29dbe1819cb94fe:bravilor-acceptance\/uploads\/2024\/02\/0376_Circo_01_Brewer_0005_Transparant-1024x665.png\" alt=\"\" class=\"wp-image-667471 size-full\" srcset=\"https:\/\/core.fuga.cloud:8080\/db65bd9df005494ab29dbe1819cb94fe:bravilor-acceptance\/uploads\/2024\/02\/0376_Circo_01_Brewer_0005_Transparant-1024x665.png 1024w, https:\/\/core.fuga.cloud:8080\/db65bd9df005494ab29dbe1819cb94fe:bravilor-acceptance\/uploads\/2024\/02\/0376_Circo_01_Brewer_0005_Transparant-300x195.png 300w, https:\/\/core.fuga.cloud:8080\/db65bd9df005494ab29dbe1819cb94fe:bravilor-acceptance\/uploads\/2024\/02\/0376_Circo_01_Brewer_0005_Transparant-768x499.png 768w, https:\/\/core.fuga.cloud:8080\/db65bd9df005494ab29dbe1819cb94fe:bravilor-acceptance\/uploads\/2024\/02\/0376_Circo_01_Brewer_0005_Transparant-1536x997.png 1536w, https:\/\/core.fuga.cloud:8080\/db65bd9df005494ab29dbe1819cb94fe:bravilor-acceptance\/uploads\/2024\/02\/0376_Circo_01_Brewer_0005_Transparant-1040x675.png 1040w, https:\/\/core.fuga.cloud:8080\/db65bd9df005494ab29dbe1819cb94fe:bravilor-acceptance\/uploads\/2024\/02\/0376_Circo_01_Brewer_0005_Transparant-693x450.png 693w, https:\/\/core.fuga.cloud:8080\/db65bd9df005494ab29dbe1819cb94fe:bravilor-acceptance\/uploads\/2024\/02\/0376_Circo_01_Brewer_0005_Transparant-347x225.png 347w, https:\/\/core.fuga.cloud:8080\/db65bd9df005494ab29dbe1819cb94fe:bravilor-acceptance\/uploads\/2024\/02\/0376_Circo_01_Brewer_0005_Transparant.png 1654w\" sizes=\"auto, (max-width: 1024px) 100vw, 1024px\" \/><\/figure><\/div>\n","protected":false},"excerpt":{"rendered":"<p>V\u00e5ra interna och externa kunder f\u00f6rv\u00e4ntar sig inte mindre av oss. V\u00e5r h\u00f6ga kvalitetsstandard \u00e4r det som driver v\u00e5r organisation. Alla p\u00e5 Bravilor Bonamat \u00e4r medvetna om detta. S\u00e4rskilt i v\u00e5rt toppmoderna innovationscenter. D\u00e4r v\u00e5ra b\u00e4sta och smartaste forts\u00e4tter att t\u00e4nja p\u00e5 gr\u00e4nserna. Detta har resulterat i \u00f6ver 20 patent i mer \u00e4n 30 l\u00e4nder. [&hellip;]<\/p>\n","protected":false},"author":5,"featured_media":0,"parent":0,"menu_order":0,"comment_status":"closed","ping_status":"closed","template":"","meta":{"_acf_changed":false,"footnotes":""},"class_list":["post-670951","page","type-page","status-publish","hentry"],"acf":[],"yoast_head":"<!-- This site is optimized with the Yoast SEO plugin v26.3 - https:\/\/yoast.com\/wordpress\/plugins\/seo\/ -->\n<title>Kvalitet och innovation - Bravilor Bonamat<\/title>\n<meta name=\"description\" content=\"Kvalitet och innovation fr\u00e5n \u00e4r kaffemaskinen f\u00f6r f\u00f6retag med stora ambitioner. Gott kaffe g\u00f6r medarbetarna glada. Uppt\u00e4ck mer!\" \/>\n<meta name=\"robots\" content=\"noindex, follow, max-snippet:-1, max-image-preview:large, max-video-preview:-1\" \/>\n<meta property=\"og:locale\" content=\"sv_SE\" \/>\n<meta property=\"og:type\" content=\"article\" \/>\n<meta property=\"og:title\" content=\"Kvalitet och innovation - Bravilor Bonamat\" \/>\n<meta property=\"og:description\" content=\"Kvalitet och innovation fr\u00e5n \u00e4r kaffemaskinen f\u00f6r f\u00f6retag med stora ambitioner. Gott kaffe g\u00f6r medarbetarna glada. Uppt\u00e4ck mer!\" \/>\n<meta property=\"og:url\" content=\"https:\/\/www.acceptance.bravilor.dkpnt.nl\/sv\/kvalitet-och-innovation\/\" \/>\n<meta property=\"og:site_name\" content=\"Bravilor Bonamat\" \/>\n<meta property=\"article:publisher\" content=\"https:\/\/www.facebook.com\/bravilor.bonamat.bv\" \/>\n<meta property=\"article:modified_time\" content=\"2024-11-25T12:04:06+00:00\" \/>\n<meta property=\"og:image\" content=\"https:\/\/www.bravilor.com\/app\/uploads\/2024\/02\/2022_Innovation_Centre_24-1024x683.jpg\" \/>\n<meta name=\"twitter:card\" content=\"summary_large_image\" \/>\n<meta name=\"twitter:label1\" content=\"Est. reading time\" \/>\n\t<meta name=\"twitter:data1\" content=\"2 minutes\" \/>\n<script type=\"application\/ld+json\" class=\"yoast-schema-graph\">{\"@context\":\"https:\/\/schema.org\",\"@graph\":[{\"@type\":\"WebPage\",\"@id\":\"https:\/\/www.acceptance.bravilor.dkpnt.nl\/sv\/kvalitet-och-innovation\/\",\"url\":\"https:\/\/www.acceptance.bravilor.dkpnt.nl\/sv\/kvalitet-och-innovation\/\",\"name\":\"Kvalitet och innovation - Bravilor Bonamat\",\"isPartOf\":{\"@id\":\"https:\/\/www.acceptance.bravilor.dkpnt.nl\/sv\/#website\"},\"primaryImageOfPage\":{\"@id\":\"https:\/\/www.acceptance.bravilor.dkpnt.nl\/sv\/kvalitet-och-innovation\/#primaryimage\"},\"image\":{\"@id\":\"https:\/\/www.acceptance.bravilor.dkpnt.nl\/sv\/kvalitet-och-innovation\/#primaryimage\"},\"thumbnailUrl\":\"https:\/\/www.bravilor.com\/app\/uploads\/2024\/02\/2022_Innovation_Centre_24-1024x683.jpg\",\"datePublished\":\"2024-01-24T14:17:12+00:00\",\"dateModified\":\"2024-11-25T12:04:06+00:00\",\"description\":\"Kvalitet och innovation fr\u00e5n \u00e4r kaffemaskinen f\u00f6r f\u00f6retag med stora ambitioner. Gott kaffe g\u00f6r medarbetarna glada. Uppt\u00e4ck mer!\",\"inLanguage\":\"sv-SE\",\"potentialAction\":[{\"@type\":\"ReadAction\",\"target\":[\"https:\/\/www.acceptance.bravilor.dkpnt.nl\/sv\/kvalitet-och-innovation\/\"]}]},{\"@type\":\"ImageObject\",\"inLanguage\":\"sv-SE\",\"@id\":\"https:\/\/www.acceptance.bravilor.dkpnt.nl\/sv\/kvalitet-och-innovation\/#primaryimage\",\"url\":\"https:\/\/www.bravilor.com\/app\/uploads\/2024\/02\/2022_Innovation_Centre_24-1024x683.jpg\",\"contentUrl\":\"https:\/\/www.bravilor.com\/app\/uploads\/2024\/02\/2022_Innovation_Centre_24-1024x683.jpg\"},{\"@type\":\"WebSite\",\"@id\":\"https:\/\/www.acceptance.bravilor.dkpnt.nl\/sv\/#website\",\"url\":\"https:\/\/www.acceptance.bravilor.dkpnt.nl\/sv\/\",\"name\":\"Bravilor Bonamat\",\"description\":\"Professional coffee machines and hot water dispensers\",\"publisher\":{\"@id\":\"https:\/\/www.acceptance.bravilor.dkpnt.nl\/sv\/#organization\"},\"potentialAction\":[{\"@type\":\"SearchAction\",\"target\":{\"@type\":\"EntryPoint\",\"urlTemplate\":\"https:\/\/www.acceptance.bravilor.dkpnt.nl\/sv\/?s={search_term_string}\"},\"query-input\":{\"@type\":\"PropertyValueSpecification\",\"valueRequired\":true,\"valueName\":\"search_term_string\"}}],\"inLanguage\":\"sv-SE\"},{\"@type\":\"Organization\",\"@id\":\"https:\/\/www.acceptance.bravilor.dkpnt.nl\/sv\/#organization\",\"name\":\"Bravilor Bonamat\",\"url\":\"https:\/\/www.acceptance.bravilor.dkpnt.nl\/sv\/\",\"logo\":{\"@type\":\"ImageObject\",\"inLanguage\":\"sv-SE\",\"@id\":\"https:\/\/www.acceptance.bravilor.dkpnt.nl\/sv\/#\/schema\/logo\/image\/\",\"url\":\"https:\/\/www.bravilor.com\/app\/uploads\/2024\/01\/logo.svg\",\"contentUrl\":\"https:\/\/www.bravilor.com\/app\/uploads\/2024\/01\/logo.svg\",\"width\":1,\"height\":1,\"caption\":\"Bravilor Bonamat\"},\"image\":{\"@id\":\"https:\/\/www.acceptance.bravilor.dkpnt.nl\/sv\/#\/schema\/logo\/image\/\"},\"sameAs\":[\"https:\/\/www.facebook.com\/bravilor.bonamat.bv\"]}]}<\/script>\n<!-- \/ Yoast SEO plugin. -->","yoast_head_json":{"title":"Kvalitet och innovation - Bravilor Bonamat","description":"Kvalitet och innovation fr\u00e5n \u00e4r kaffemaskinen f\u00f6r f\u00f6retag med stora ambitioner. Gott kaffe g\u00f6r medarbetarna glada. Uppt\u00e4ck mer!","robots":{"index":"noindex","follow":"follow","max-snippet":"max-snippet:-1","max-image-preview":"max-image-preview:large","max-video-preview":"max-video-preview:-1"},"og_locale":"sv_SE","og_type":"article","og_title":"Kvalitet och innovation - Bravilor Bonamat","og_description":"Kvalitet och innovation fr\u00e5n \u00e4r kaffemaskinen f\u00f6r f\u00f6retag med stora ambitioner. Gott kaffe g\u00f6r medarbetarna glada. Uppt\u00e4ck mer!","og_url":"https:\/\/www.acceptance.bravilor.dkpnt.nl\/sv\/kvalitet-och-innovation\/","og_site_name":"Bravilor Bonamat","article_publisher":"https:\/\/www.facebook.com\/bravilor.bonamat.bv","article_modified_time":"2024-11-25T12:04:06+00:00","og_image":[{"url":"https:\/\/www.bravilor.com\/app\/uploads\/2024\/02\/2022_Innovation_Centre_24-1024x683.jpg","type":"","width":"","height":""}],"twitter_card":"summary_large_image","twitter_misc":{"Est. reading time":"2 minutes"},"schema":{"@context":"https:\/\/schema.org","@graph":[{"@type":"WebPage","@id":"https:\/\/www.acceptance.bravilor.dkpnt.nl\/sv\/kvalitet-och-innovation\/","url":"https:\/\/www.acceptance.bravilor.dkpnt.nl\/sv\/kvalitet-och-innovation\/","name":"Kvalitet och innovation - Bravilor Bonamat","isPartOf":{"@id":"https:\/\/www.acceptance.bravilor.dkpnt.nl\/sv\/#website"},"primaryImageOfPage":{"@id":"https:\/\/www.acceptance.bravilor.dkpnt.nl\/sv\/kvalitet-och-innovation\/#primaryimage"},"image":{"@id":"https:\/\/www.acceptance.bravilor.dkpnt.nl\/sv\/kvalitet-och-innovation\/#primaryimage"},"thumbnailUrl":"https:\/\/www.bravilor.com\/app\/uploads\/2024\/02\/2022_Innovation_Centre_24-1024x683.jpg","datePublished":"2024-01-24T14:17:12+00:00","dateModified":"2024-11-25T12:04:06+00:00","description":"Kvalitet och innovation fr\u00e5n \u00e4r kaffemaskinen f\u00f6r f\u00f6retag med stora ambitioner. Gott kaffe g\u00f6r medarbetarna glada. Uppt\u00e4ck mer!","inLanguage":"sv-SE","potentialAction":[{"@type":"ReadAction","target":["https:\/\/www.acceptance.bravilor.dkpnt.nl\/sv\/kvalitet-och-innovation\/"]}]},{"@type":"ImageObject","inLanguage":"sv-SE","@id":"https:\/\/www.acceptance.bravilor.dkpnt.nl\/sv\/kvalitet-och-innovation\/#primaryimage","url":"https:\/\/www.bravilor.com\/app\/uploads\/2024\/02\/2022_Innovation_Centre_24-1024x683.jpg","contentUrl":"https:\/\/www.bravilor.com\/app\/uploads\/2024\/02\/2022_Innovation_Centre_24-1024x683.jpg"},{"@type":"WebSite","@id":"https:\/\/www.acceptance.bravilor.dkpnt.nl\/sv\/#website","url":"https:\/\/www.acceptance.bravilor.dkpnt.nl\/sv\/","name":"Bravilor Bonamat","description":"Professional coffee machines and hot water dispensers","publisher":{"@id":"https:\/\/www.acceptance.bravilor.dkpnt.nl\/sv\/#organization"},"potentialAction":[{"@type":"SearchAction","target":{"@type":"EntryPoint","urlTemplate":"https:\/\/www.acceptance.bravilor.dkpnt.nl\/sv\/?s={search_term_string}"},"query-input":{"@type":"PropertyValueSpecification","valueRequired":true,"valueName":"search_term_string"}}],"inLanguage":"sv-SE"},{"@type":"Organization","@id":"https:\/\/www.acceptance.bravilor.dkpnt.nl\/sv\/#organization","name":"Bravilor Bonamat","url":"https:\/\/www.acceptance.bravilor.dkpnt.nl\/sv\/","logo":{"@type":"ImageObject","inLanguage":"sv-SE","@id":"https:\/\/www.acceptance.bravilor.dkpnt.nl\/sv\/#\/schema\/logo\/image\/","url":"https:\/\/www.bravilor.com\/app\/uploads\/2024\/01\/logo.svg","contentUrl":"https:\/\/www.bravilor.com\/app\/uploads\/2024\/01\/logo.svg","width":1,"height":1,"caption":"Bravilor Bonamat"},"image":{"@id":"https:\/\/www.acceptance.bravilor.dkpnt.nl\/sv\/#\/schema\/logo\/image\/"},"sameAs":["https:\/\/www.facebook.com\/bravilor.bonamat.bv"]}]}},"_links":{"self":[{"href":"https:\/\/www.acceptance.bravilor.dkpnt.nl\/sv\/wp-json\/wp\/v2\/pages\/670951","targetHints":{"allow":["GET"]}}],"collection":[{"href":"https:\/\/www.acceptance.bravilor.dkpnt.nl\/sv\/wp-json\/wp\/v2\/pages"}],"about":[{"href":"https:\/\/www.acceptance.bravilor.dkpnt.nl\/sv\/wp-json\/wp\/v2\/types\/page"}],"author":[{"embeddable":true,"href":"https:\/\/www.acceptance.bravilor.dkpnt.nl\/sv\/wp-json\/wp\/v2\/users\/5"}],"replies":[{"embeddable":true,"href":"https:\/\/www.acceptance.bravilor.dkpnt.nl\/sv\/wp-json\/wp\/v2\/comments?post=670951"}],"version-history":[{"count":4,"href":"https:\/\/www.acceptance.bravilor.dkpnt.nl\/sv\/wp-json\/wp\/v2\/pages\/670951\/revisions"}],"predecessor-version":[{"id":825820,"href":"https:\/\/www.acceptance.bravilor.dkpnt.nl\/sv\/wp-json\/wp\/v2\/pages\/670951\/revisions\/825820"}],"wp:attachment":[{"href":"https:\/\/www.acceptance.bravilor.dkpnt.nl\/sv\/wp-json\/wp\/v2\/media?parent=670951"}],"curies":[{"name":"wp","href":"https:\/\/api.w.org\/{rel}","templated":true}]}}